{"id":376,"date":"2021-05-07T16:18:35","date_gmt":"2021-05-07T16:18:35","guid":{"rendered":"https:\/\/platformarozwojowa.pl\/webinaria\/?page_id=376"},"modified":"2021-05-07T16:42:31","modified_gmt":"2021-05-07T16:42:31","slug":"wspolpraca","status":"publish","type":"page","link":"https:\/\/platformarozwojowa.pl\/webinaria\/wspolpraca\/","title":{"rendered":"Wsp\u00f3\u0142praca"},"content":{"rendered":"<p>[et_pb_section fb_built=&#8221;1&#8243; _builder_version=&#8221;4.4.1&#8243; custom_padding=&#8221;||0px|||&#8221;][et_pb_row _builder_version=&#8221;4.4.1&#8243;][et_pb_column type=&#8221;4_4&#8243; _builder_version=&#8221;4.4.1&#8243;][et_pb_image src=&#8221;https:\/\/platformarozwojowa.pl\/webinaria\/wp-content\/uploads\/2021\/05\/Webinarium-wspo\u0301lpraca-Gosia-i-Agnieszka-2.png&#8221; title_text=&#8221;Webinarium wspo\u0301\u0142praca Gosia i Agnieszka (2)&#8221; _builder_version=&#8221;4.9.4&#8243; hover_enabled=&#8221;0&#8243; sticky_enabled=&#8221;0&#8243;][\/et_pb_image][et_pb_button button_url=&#8221;#okursie&#8221; button_text=&#8221;Wi\u0119cej informacji o webinarium&#8221; _builder_version=&#8221;4.5.0&#8243;][\/et_pb_button][et_pb_text admin_label=&#8221;okursie&#8221; module_id=&#8221;okursie&#8221; _builder_version=&#8221;4.9.4&#8243; text_font_size=&#8221;18px&#8221; text_line_height=&#8221;1.8em&#8221; hover_enabled=&#8221;0&#8243; sticky_enabled=&#8221;0&#8243;]<\/p>\n<p><b>Jak budowa\u0107 wsp\u00f3\u0142prac\u0119 ze swoim dzieckiem?<\/b><\/p>\n<p>Webinarium prowadz\u0105: Agnieszka Stein (psycholog), Gosia Sta\u0144czyk (psycholog)<span style=\"font-weight: 400;\"><\/span><\/p>\n<p>Webinarium odb\u0119dzie si\u0119 12 maja 2021 o godznie 21:00.<\/p>\n<p>Czas trwania: ok. 90 minut<\/p>\n<p>Koszt dost\u0119pu &#8211; udzia\u0142 na \u017cywo (przy zakupie przed terminem webinaru) i dost\u0119p do nagrania: 39 z\u0142<\/p>\n<p><span><\/span><\/p>\n<p>[\/et_pb_text][et_pb_button button_url=&#8221;https:\/\/gosiastanczyk.pl\/sklep\/?add-to-cart=17886&#8243; button_text=&#8221;Zapisuj\u0119 si\u0119&#8221; button_alignment=&#8221;left&#8221; _builder_version=&#8221;4.9.4&#8243; _module_preset=&#8221;default&#8221; custom_button=&#8221;on&#8221; button_text_size=&#8221;22px&#8221; hover_enabled=&#8221;0&#8243; sticky_enabled=&#8221;0&#8243;][\/et_pb_button][et_pb_text admin_label=&#8221;okursie&#8221; module_id=&#8221;okursie&#8221; _builder_version=&#8221;4.5.0&#8243; text_font_size=&#8221;18px&#8221; text_line_height=&#8221;1.8em&#8221;]<\/p>\n<p><strong style=\"font-size: 18px;\">Zapraszamy na webinarium dla rodzic\u00f3w.\u00a0<\/strong><\/p>\n<p><span style=\"font-weight: 400;\">Wielu wsp\u00f3\u0142czesnych rodzic\u00f3w, do\u015bwiadczy\u0142o w dzieci\u0144stwie relacji z doros\u0142ymi, kt\u00f3re nie by\u0142y oparte na r\u00f3wno\u015bci, ale dawa\u0142y doros\u0142ym znacznie wi\u0119cej przywilej\u00f3w. Dzi\u015b szukamy zupe\u0142nie nowych sposob\u00f3w budowania wsp\u00f3lnej codzienno\u015bci, opartych na jednakowej godno\u015bci i r\u00f3wno\u015bci. Cz\u0119sto towarzysz\u0105 temu liczne obawy i zagubienie.<\/span><\/p>\n<p><span style=\"font-weight: 400;\">Ufamy, \u017ce wszystkie dzieci s\u0105 nastawione na wsp\u00f3\u0142prac\u0119 i chcemy wspiera\u0107 Was w tym, by ten potencja\u0142 wykorzystywa\u0107 w rodzinie.<\/span><\/p>\n<p><span style=\"font-weight: 400;\">Zapraszamy na webinarium, podczas kt\u00f3rego b\u0119dziemy przygl\u0105da\u0107 si\u0119 temu, co wspiera wsp\u00f3\u0142prac\u0119 z naszymi dzie\u0107mi, a co j\u0105 utrudnia.<\/span><\/p>\n<p><strong>Tematy, kt\u00f3re b\u0119d\u0105 poruszane podczas webinarium:<\/strong><\/p>\n<ul>\n<li style=\"font-weight: 400;\" aria-level=\"1\"><span style=\"font-weight: 400;\">Czym charakteryzuje si\u0119 relacja wsp\u00f3\u0142pracy?<\/span><\/li>\n<li style=\"font-weight: 400;\" aria-level=\"1\"><span style=\"font-weight: 400;\">Jak budowa\u0107 z dzieckiem wsp\u00f3\u0142prac\u0119, zamiast nak\u0142ania\u0107 je do podporz\u0105dkowania?<\/span><\/li>\n<li style=\"font-weight: 400;\" aria-level=\"1\"><span style=\"font-weight: 400;\">Jak interpretowa\u0107 dzieci\u0119ce zachowania i znale\u017a\u0107 przyczyn\u0119 dzieci\u0119cej odmowy?<\/span><\/li>\n<li style=\"font-weight: 400;\" aria-level=\"1\"><span style=\"font-weight: 400;\">Jak szuka\u0107 rozwi\u0105za\u0144, kt\u00f3re b\u0119d\u0105 do zaakceptowania dla wszystkich zainteresowanych?<\/span><\/li>\n<li style=\"font-weight: 400;\" aria-level=\"1\"><span style=\"font-weight: 400;\">Wsp\u00f3\u0142praca a stawianie granic<\/span><\/li>\n<li style=\"font-weight: 400;\" aria-level=\"1\"><span style=\"font-weight: 400;\">Wsp\u00f3\u0142praca a autorytet i przyw\u00f3dztwo<\/span><\/li>\n<li style=\"font-weight: 400;\" aria-level=\"1\"><span style=\"font-weight: 400;\">Co to znaczy \u201ewzi\u0105\u0107 pod uwag\u0119 potrzeby wszystkich cz\u0142onk\u00f3w rodziny?\u201d<\/span><span style=\"font-weight: 400;\"><\/span><\/li>\n<\/ul>\n<ul><\/ul>\n<ul><\/ul>\n<p><span><\/span><\/p>\n<p>[\/et_pb_text][\/et_pb_column][\/et_pb_row][\/et_pb_section][et_pb_section fb_built=&#8221;1&#8243; _builder_version=&#8221;4.4.7&#8243; min_height=&#8221;89px&#8221; custom_margin=&#8221;||-73px|||&#8221;][et_pb_row _builder_version=&#8221;4.4.7&#8243; custom_margin=&#8221;-67px|auto||auto||&#8221;][et_pb_column type=&#8221;4_4&#8243; _builder_version=&#8221;4.4.7&#8243;][et_pb_text _builder_version=&#8221;4.4.7&#8243;]<\/p>\n<h1 style=\"text-align: center;\">Prowadz\u0105ce<\/h1>\n<p>[\/et_pb_text][\/et_pb_column][\/et_pb_row][\/et_pb_section][et_pb_section fb_built=&#8221;1&#8243; specialty=&#8221;on&#8221; _builder_version=&#8221;4.4.7&#8243;][et_pb_column type=&#8221;1_2&#8243; _builder_version=&#8221;3.25&#8243; custom_padding=&#8221;|||&#8221; custom_padding__hover=&#8221;|||&#8221;][et_pb_image src=&#8221;https:\/\/platformarozwojowa.pl\/webinaria\/wp-content\/uploads\/2019\/12\/AS-569-1-1-768&#215;768.jpg&#8221; title_text=&#8221;AS-569-1-1-768&#215;768&#8243; _builder_version=&#8221;4.4.7&#8243;][\/et_pb_image][\/et_pb_column][et_pb_column type=&#8221;1_2&#8243; specialty_columns=&#8221;2&#8243; _builder_version=&#8221;3.25&#8243; custom_padding=&#8221;|||&#8221; custom_padding__hover=&#8221;|||&#8221;][et_pb_row_inner _builder_version=&#8221;4.4.1&#8243;][et_pb_column_inner saved_specialty_column_type=&#8221;1_2&#8243; _builder_version=&#8221;4.4.1&#8243;][et_pb_text _builder_version=&#8221;4.4.7&#8243; text_font_size=&#8221;17px&#8221; text_line_height=&#8221;1.9em&#8221; text_orientation=&#8221;justified&#8221;]<\/p>\n<h1><span><\/span>Agnieszka Stein<\/h1>\n<p class=\"et_pb_member_position\">psycholog<\/p>\n<div>\n<p><span>Jestem psychologiem i autork\u0105 ksi\u0105\u017cek dla rodzic\u00f3w. Od 1999 roku udzielam indywidualnych konsultacji w sytuacjach w\u0105tpliwo\u015bci wychowawczych, pomagam w rozpoznawaniu wyzwa\u0144 rozwojowych i podpowiada, jak wspiera\u0107 dzieci przechodz\u0105ce przez r\u00f3\u017cne trudne dla nich sytuacje.\u00a0Wspieram psycholog\u00f3w, terapeut\u00f3w i nauczycieli w ich relacjach z dzie\u0107mi i rodzicami. Prowadz\u0119 warsztaty, superwizje i konsultacje. Pracuj\u0119 w Bliskim Miejscu w Warszawie. Pracuj\u0119 z\u00a0 profesjonalistami w ramach projektu\u00a0<\/span><a href=\"http:\/\/www.rb-pro.pl\/\">RB PRO (Rodzicielstwo blisko\u015bci dla profesjonalist\u00f3w)<\/a><span>. Przez wiele lat obszarem mojej pracy by\u0142o wspieranie procesu adaptacji.<\/span><\/p>\n<p><span>Jestem autork\u0105 ksi\u0105\u017cek:\u00a0\u201eDziecko z bliska\u201d,\u00a0\u201eDziecko z bliska idzie w \u015bwiat\u201d,\u00a0\u201eNowe wychowanie seksualne\u201d,\u00a0\u201eAkcja adaptacja\u201d,\u00a0\u201ePotrzebna ca\u0142a wioska\u201d.<strong>\u00a0<\/strong><\/span><\/p>\n<\/div>\n<p>[\/et_pb_text][\/et_pb_column_inner][\/et_pb_row_inner][\/et_pb_column][\/et_pb_section][et_pb_section fb_built=&#8221;1&#8243; specialty=&#8221;on&#8221; _builder_version=&#8221;4.4.1&#8243;][et_pb_column type=&#8221;1_2&#8243; _builder_version=&#8221;3.25&#8243; custom_padding=&#8221;|||&#8221; custom_padding__hover=&#8221;|||&#8221;][et_pb_image src=&#8221;https:\/\/platformarozwojowa.pl\/webinaria\/wp-content\/uploads\/2020\/07\/Zrzut-ekranu-2018-06-02-o-20.51.54-1.png&#8221; title_text=&#8221;Zrzut-ekranu-2018-06-02-o-20.51.54-1&#8243; _builder_version=&#8221;4.4.7&#8243;][\/et_pb_image][\/et_pb_column][et_pb_column type=&#8221;1_2&#8243; specialty_columns=&#8221;2&#8243; _builder_version=&#8221;3.25&#8243; custom_padding=&#8221;|||&#8221; custom_padding__hover=&#8221;|||&#8221;][et_pb_row_inner _builder_version=&#8221;4.4.1&#8243;][et_pb_column_inner saved_specialty_column_type=&#8221;1_2&#8243; _builder_version=&#8221;4.4.1&#8243;][et_pb_text _builder_version=&#8221;4.4.7&#8243; text_font_size=&#8221;17px&#8221; text_line_height=&#8221;1.9em&#8221; text_orientation=&#8221;justified&#8221;]<\/p>\n<h1>Gosia Sta\u0144czyk<\/h1>\n<p class=\"et_pb_member_position\">psycholog<\/p>\n<div>\n<p style=\"text-align: left;\"><span>Jestem psychologiem, mam\u0105 trojga dzieci. Wspieram rodzic\u00f3w i nauczycieli w poszukiwaniu wiedzy, narz\u0119dzi i sposob\u00f3w na satysfakcjonuj\u0105cy, oparty na szacunku kontakt z dzie\u0107mi. Udzielam\u00a0konsultacji psychologicznych w Bliskim Miejscu w Warszawie, prowadz\u0119 warsztaty dla rodzic\u00f3w,\u00a0<\/span><a href=\"http:\/\/www.gosiastanczyk.pl\/webinaria\/\" target=\"_blank\" rel=\"noopener noreferrer\">webinaria<\/a><span>\u00a0i superwizyjne spotkania dla nauczycieli. Jestem autork\u0105 ksi\u0105\u017cki \u201eRodze\u0144stwo\u201d. Pisz\u0119 blog po\u015bwi\u0119cony sprawom rodzicielstwa i rozwoju:\u00a0<\/span><a href=\"http:\/\/www.gosiastanczyk.pl\/\" target=\"_blank\" rel=\"noopener noreferrer\">www.gosiastanczyk.pl<\/a><span>.\u00a0<\/span><\/p>\n<p><span>Jestem autork\u0105 ksi\u0105\u017cek:\u00a0\u201eRodze\u0144stwo\u201d, \u201ePotrzebna ca\u0142a wioska\u201d, \u201eO szkole od nowa\u201d.\u00a0<\/span><\/p>\n<\/div>\n<p>[\/et_pb_text][\/et_pb_column_inner][\/et_pb_row_inner][\/et_pb_column][\/et_pb_section][et_pb_section fb_built=&#8221;1&#8243; _builder_version=&#8221;4.5.0&#8243; _module_preset=&#8221;default&#8221;][et_pb_row _builder_version=&#8221;4.5.0&#8243; _module_preset=&#8221;default&#8221;][et_pb_column type=&#8221;4_4&#8243; _builder_version=&#8221;4.5.0&#8243; _module_preset=&#8221;default&#8221;][et_pb_button button_url=&#8221;https:\/\/gosiastanczyk.pl\/sklep\/?add-to-cart=17886&#8243; button_text=&#8221;Zapisuj\u0119 si\u0119!&#8221; button_alignment=&#8221;center&#8221; _builder_version=&#8221;4.9.4&#8243; _module_preset=&#8221;default&#8221; custom_button=&#8221;on&#8221; button_text_size=&#8221;48px&#8221; hover_enabled=&#8221;0&#8243; sticky_enabled=&#8221;0&#8243;][\/et_pb_button][\/et_pb_column][\/et_pb_row][\/et_pb_section][et_pb_section fb_built=&#8221;1&#8243; _builder_version=&#8221;3.22&#8243;][et_pb_row _builder_version=&#8221;3.25&#8243; background_size=&#8221;initial&#8221; background_position=&#8221;top_left&#8221; background_repeat=&#8221;repeat&#8221;][et_pb_column type=&#8221;4_4&#8243; _builder_version=&#8221;3.25&#8243; custom_padding=&#8221;|||&#8221; custom_padding__hover=&#8221;|||&#8221;][et_pb_text _builder_version=&#8221;4.4.1&#8243; background_size=&#8221;initial&#8221; background_position=&#8221;top_left&#8221; background_repeat=&#8221;repeat&#8221; text_orientation=&#8221;center&#8221; module_alignment=&#8221;center&#8221;]<\/p>\n<h1>Cz\u0119sto zadawane pytania<\/h1>\n<p>[\/et_pb_text][et_pb_toggle title=&#8221;Jak d\u0142ugo b\u0119d\u0119 mie\u0107 dost\u0119p do nagrania?&#8221; _builder_version=&#8221;4.4.1&#8243; background_size=&#8221;initial&#8221; background_position=&#8221;top_left&#8221; background_repeat=&#8221;repeat&#8221;]<\/p>\n<p>Dost\u0119p do materia\u0142u wideo i\u00a0 mp3 b\u0119dzie przez minimum 12 miesi\u0105cy.\u00a0<\/p>\n<p>[\/et_pb_toggle][et_pb_toggle title=&#8221;Jakie s\u0105 wymaganie techniczne?&#8221; _builder_version=&#8221;4.4.1&#8243; background_size=&#8221;initial&#8221; background_position=&#8221;top_left&#8221; background_repeat=&#8221;repeat&#8221;]<\/p>\n<p><span>Webinarium nie wymaga specjalistycznego oprogramowania. Wystarczy komputer, tablet lub smartfon z dost\u0119pem do internetu.<\/span><\/p>\n<p>[\/et_pb_toggle][et_pb_toggle title=&#8221;Czy mog\u0119 otrzyma\u0107 faktur\u0119?&#8221; _builder_version=&#8221;4.4.1&#8243; background_size=&#8221;initial&#8221; background_position=&#8221;top_left&#8221; background_repeat=&#8221;repeat&#8221;]<\/p>\n<p><span>Do ka\u017cdego zakupu kursu jest wystawiany dokument sprzeda\u017cy. Wystarczy poda\u0107 dane firmy i NIP przy sk\u0142adaniu zam\u00f3wienia \u2013 dokument zostanie wys\u0142any automatycznie po dokonaniu p\u0142atno\u015bci. Stawka VAT: 23%.\u00a0<\/span><\/p>\n<p>[\/et_pb_toggle][et_pb_toggle title=&#8221;Czy s\u0105 wystawiane za\u015bwiadczenia\/certyfikaty?&#8221; _builder_version=&#8221;4.4.1&#8243; background_size=&#8221;initial&#8221; background_position=&#8221;top_left&#8221; background_repeat=&#8221;repeat&#8221;]<\/p>\n<p><span>Nie. W przypadku webinar\u00f3w dla rodzic\u00f3w nie przewidujemy za\u015bwiadcze\u0144\/certyfikat\u00f3w.\u00a0<\/span><\/p>\n<p>[\/et_pb_toggle][et_pb_toggle title=&#8221;Mam wi\u0119cej pyta\u0144&#8230;&#8221; _builder_version=&#8221;4.4.1&#8243; background_size=&#8221;initial&#8221; background_position=&#8221;top_left&#8221; background_repeat=&#8221;repeat&#8221;]<\/p>\n<p><span>Napisz na adres kontakt@gosiastanczyk.pl<\/span><\/p>\n<p>[\/et_pb_toggle][\/et_pb_column][\/et_pb_row][\/et_pb_section]<\/p>\n","protected":false},"excerpt":{"rendered":"<p>Jak budowa\u0107 wsp\u00f3\u0142prac\u0119 ze swoim dzieckiem? Webinarium prowadz\u0105: Agnieszka Stein (psycholog), Gosia Sta\u0144czyk (psycholog) Webinarium odb\u0119dzie si\u0119 12 maja 2021 o godznie 21:00. Czas trwania: ok. 90 minut Koszt dost\u0119pu &#8211; udzia\u0142 na \u017cywo (przy zakupie przed terminem webinaru) i dost\u0119p do nagrania: 39 z\u0142 Zapraszamy na webinarium dla rodzic\u00f3w.\u00a0 Wielu wsp\u00f3\u0142czesnych rodzic\u00f3w, do\u015bwiadczy\u0142o w [&hellip;]<\/p>\n","protected":false},"author":1,"featured_media":0,"parent":0,"menu_order":0,"comment_status":"closed","ping_status":"closed","template":"page-template-blank.php","meta":{"_et_pb_use_builder":"on","_et_pb_old_content":"","_et_gb_content_width":"","_monsterinsights_skip_tracking":false,"_monsterinsights_sitenote_active":false,"_monsterinsights_sitenote_note":"","_monsterinsights_sitenote_category":0,"footnotes":""},"class_list":["post-376","page","type-page","status-publish","hentry"],"_links":{"self":[{"href":"https:\/\/platformarozwojowa.pl\/webinaria\/wp-json\/wp\/v2\/pages\/376","targetHints":{"allow":["GET"]}}],"collection":[{"href":"https:\/\/platformarozwojowa.pl\/webinaria\/wp-json\/wp\/v2\/pages"}],"about":[{"href":"https:\/\/platformarozwojowa.pl\/webinaria\/wp-json\/wp\/v2\/types\/page"}],"author":[{"embeddable":true,"href":"https:\/\/platformarozwojowa.pl\/webinaria\/wp-json\/wp\/v2\/users\/1"}],"replies":[{"embeddable":true,"href":"https:\/\/platformarozwojowa.pl\/webinaria\/wp-json\/wp\/v2\/comments?post=376"}],"version-history":[{"count":5,"href":"https:\/\/platformarozwojowa.pl\/webinaria\/wp-json\/wp\/v2\/pages\/376\/revisions"}],"predecessor-version":[{"id":386,"href":"https:\/\/platformarozwojowa.pl\/webinaria\/wp-json\/wp\/v2\/pages\/376\/revisions\/386"}],"wp:attachment":[{"href":"https:\/\/platformarozwojowa.pl\/webinaria\/wp-json\/wp\/v2\/media?parent=376"}],"curies":[{"name":"wp","href":"https:\/\/api.w.org\/{rel}","templated":true}]}}