{"id":333,"date":"2020-07-30T08:13:55","date_gmt":"2020-07-30T08:13:55","guid":{"rendered":"https:\/\/platformarozwojowa.pl\/webinaria\/?page_id=333"},"modified":"2020-07-30T08:16:06","modified_gmt":"2020-07-30T08:16:06","slug":"jak-pozegnac-poczucie-winy-w-rodzicielstwie-nagranie","status":"publish","type":"page","link":"https:\/\/platformarozwojowa.pl\/webinaria\/","title":{"rendered":"Jak po\u017cegna\u0107 poczucie winy w rodzicielstwie (nagranie)"},"content":{"rendered":"<p>[et_pb_section fb_built=&#8221;1&#8243; _builder_version=&#8221;4.4.1&#8243; custom_padding=&#8221;||0px|||&#8221;][et_pb_row _builder_version=&#8221;4.4.1&#8243;][et_pb_column type=&#8221;4_4&#8243; _builder_version=&#8221;4.4.1&#8243;][et_pb_image src=&#8221;https:\/\/platformarozwojowa.pl\/webinaria\/wp-content\/uploads\/2020\/07\/Webinarium-_Jak-poz\u0307egnac\u0301-poczucie-winy-w-rodzicielstwie_-29.07.2020-2.png&#8221; title_text=&#8221;Webinarium _Jak poz\u0307egnac\u0301 poczucie winy w rodzicielstwie_ 29.07.2020 (2)&#8221; _builder_version=&#8221;4.5.0&#8243;][\/et_pb_image][et_pb_button button_url=&#8221;#okursie&#8221; button_text=&#8221;Wi\u0119cej informacji o webinarium&#8221; _builder_version=&#8221;4.5.0&#8243;][\/et_pb_button][et_pb_text admin_label=&#8221;okursie&#8221; module_id=&#8221;okursie&#8221; _builder_version=&#8221;4.4.1&#8243; text_font_size=&#8221;18px&#8221; text_line_height=&#8221;1.8em&#8221;]<\/p>\n<p>Webinarium poprowadz\u0105: Agnieszka Stein (psycholog), Gosia Sta\u0144czyk (psycholog)<span style=\"font-weight: 400;\"><\/span><\/p>\n<p><span style=\"font-size: 18px;\">Dost\u0119p do nagrania.<\/span><\/p>\n<p>Koszt: 39 z\u0142<\/p>\n<p><span><\/span><\/p>\n<p>[\/et_pb_text][et_pb_button button_url=&#8221;https:\/\/gosiastanczyk.pl\/sklep\/?add-to-cart=12367&#8243; button_text=&#8221;Kupuj\u0119 dost\u0119p do nagrania&#8221; button_alignment=&#8221;left&#8221; _builder_version=&#8221;4.5.0&#8243; _module_preset=&#8221;default&#8221; custom_button=&#8221;on&#8221; button_text_size=&#8221;22px&#8221;][\/et_pb_button][et_pb_text admin_label=&#8221;okursie&#8221; module_id=&#8221;okursie&#8221; _builder_version=&#8221;4.4.1&#8243; text_font_size=&#8221;18px&#8221; text_line_height=&#8221;1.8em&#8221;]<\/p>\n<p>\u00a0<strong style=\"font-size: 18px;\">Zapraszamy do obejrzenia nagrania webinarium dla rodzic\u00f3w.\u00a0<\/strong><\/p>\n<p><span style=\"font-weight: 400;\">Poczucie winy to taki stan, kt\u00f3ry poch\u0142ania du\u017co energii a rzadko pomaga w zmianie i rozwoju. Zdecydowana wi\u0119kszo\u015b\u0107 rodzic\u00f3w zg\u0142asza, \u017ce do\u015bwiadcza poczucia winy.\u00a0<\/span><\/p>\n<p><span style=\"font-weight: 400;\">Do tego, \u017ceby po\u017cegna\u0107 poczucie winy, potrzebujemy najpierw je zrozumie\u0107 i zaopiekowa\u0107 si\u0119 nim. Ludzie staraj\u0105 si\u0119 nie s\u0142ysze\u0107 poczucia winy, a g\u0142os, kt\u00f3ry chcemy ukry\u0107 i odci\u0105\u0107 zwykle nie chce zamilkn\u0105\u0107.\u00a0<\/span><\/p>\n<p><span style=\"font-weight: 400;\">Zapraszamy na webinarium, podczas kt\u00f3rego przygl\u0105damy si\u0119 przekonaniom na temat poczucia winy, temu, sk\u0105d ono si\u0119 bierze, kategoriom winy i odpowiedzialno\u015bci i praktykom, kt\u00f3re pomagaj\u0105 si\u0119 sob\u0105 zaopiekowa\u0107.<\/span><\/p>\n<p><span style=\"font-weight: 400;\">Tematy, kt\u00f3re by\u0142y poruszane podczas webinarium:<\/span><\/p>\n<ul>\n<li style=\"font-weight: 400;\"><span style=\"font-weight: 400;\">Czy mo\u017cna nie mie\u0107 poczucia winy?<\/span><\/li>\n<li style=\"font-weight: 400;\"><span style=\"font-weight: 400;\">Sk\u0105d ono si\u0119 bierze?<\/span><\/li>\n<li style=\"font-weight: 400;\"><span style=\"font-weight: 400;\">Jak si\u0119 nim zaopiekowa\u0107?<\/span><\/li>\n<li style=\"font-weight: 400;\"><span style=\"font-weight: 400;\">Dlaczego poczucie winy nie wspiera rozwoju?<\/span><\/li>\n<li style=\"font-weight: 400;\"><span style=\"font-weight: 400;\">Czym r\u00f3\u017cni si\u0119 wina od odpowiedzialno\u015bci?<\/span><\/li>\n<li style=\"font-weight: 400;\"><span style=\"font-weight: 400;\">Poczucie winy jako konflikt wewn\u0119trzny<\/span><\/li>\n<li style=\"font-weight: 400;\"><span style=\"font-weight: 400;\">Pierwsza pomoc, gdy pojawia si\u0119 poczucie winy<\/span><\/li>\n<li style=\"font-weight: 400;\"><span style=\"font-weight: 400;\">Jak wspiera\u0107 dzieci, by uczy\u0107 je odpowiedzialno\u015bci a nie winy\u00a0<\/span><\/li>\n<\/ul>\n<p><span><\/span><\/p>\n<p>[\/et_pb_text][\/et_pb_column][\/et_pb_row][\/et_pb_section][et_pb_section fb_built=&#8221;1&#8243; _builder_version=&#8221;4.4.7&#8243; min_height=&#8221;89px&#8221; custom_margin=&#8221;||-73px|||&#8221;][et_pb_row _builder_version=&#8221;4.4.7&#8243; custom_margin=&#8221;-67px|auto||auto||&#8221;][et_pb_column type=&#8221;4_4&#8243; _builder_version=&#8221;4.4.7&#8243;][et_pb_text _builder_version=&#8221;4.4.7&#8243;]<\/p>\n<h1 style=\"text-align: center;\">Prowadz\u0105ce<\/h1>\n<p>[\/et_pb_text][\/et_pb_column][\/et_pb_row][\/et_pb_section][et_pb_section fb_built=&#8221;1&#8243; specialty=&#8221;on&#8221; _builder_version=&#8221;4.4.7&#8243;][et_pb_column type=&#8221;1_2&#8243; _builder_version=&#8221;3.25&#8243; custom_padding=&#8221;|||&#8221; custom_padding__hover=&#8221;|||&#8221;][et_pb_image src=&#8221;https:\/\/platformarozwojowa.pl\/webinaria\/wp-content\/uploads\/2019\/12\/AS-569-1-1-768&#215;768.jpg&#8221; title_text=&#8221;AS-569-1-1-768&#215;768&#8243; _builder_version=&#8221;4.4.7&#8243;][\/et_pb_image][\/et_pb_column][et_pb_column type=&#8221;1_2&#8243; specialty_columns=&#8221;2&#8243; _builder_version=&#8221;3.25&#8243; custom_padding=&#8221;|||&#8221; custom_padding__hover=&#8221;|||&#8221;][et_pb_row_inner _builder_version=&#8221;4.4.1&#8243;][et_pb_column_inner saved_specialty_column_type=&#8221;1_2&#8243; _builder_version=&#8221;4.4.1&#8243;][et_pb_text _builder_version=&#8221;4.4.7&#8243; text_font_size=&#8221;17px&#8221; text_line_height=&#8221;1.9em&#8221; text_orientation=&#8221;justified&#8221;]<\/p>\n<h1><span><\/span>Agnieszka Stein<\/h1>\n<p class=\"et_pb_member_position\">psycholog<\/p>\n<div>\n<p><span>Jestem psychologiem i autork\u0105 ksi\u0105\u017cek dla rodzic\u00f3w. Od 1999 roku udzielam indywidualnych konsultacji w sytuacjach w\u0105tpliwo\u015bci wychowawczych, pomagam w rozpoznawaniu wyzwa\u0144 rozwojowych i podpowiada, jak wspiera\u0107 dzieci przechodz\u0105ce przez r\u00f3\u017cne trudne dla nich sytuacje.\u00a0Wspieram psycholog\u00f3w, terapeut\u00f3w i nauczycieli w ich relacjach z dzie\u0107mi i rodzicami. Prowadz\u0119 warsztaty, superwizje i konsultacje. Pracuj\u0119 w Bliskim Miejscu w Warszawie. Pracuj\u0119 z\u00a0 profesjonalistami w ramach projektu\u00a0<\/span><a href=\"http:\/\/www.rb-pro.pl\/\">RB PRO (Rodzicielstwo blisko\u015bci dla profesjonalist\u00f3w)<\/a><span>. Przez wiele lat obszarem mojej pracy by\u0142o wspieranie procesu adaptacji.<\/span><\/p>\n<p><span>Jestem autork\u0105 ksi\u0105\u017cek:\u00a0\u201eDziecko z bliska\u201d,\u00a0\u201eDziecko z bliska idzie w \u015bwiat\u201d,\u00a0\u201eNowe wychowanie seksualne\u201d,\u00a0\u201eAkcja adaptacja\u201d,\u00a0\u201ePotrzebna ca\u0142a wioska\u201d.<strong>\u00a0<\/strong><\/span><\/p>\n<\/div>\n<p>[\/et_pb_text][\/et_pb_column_inner][\/et_pb_row_inner][\/et_pb_column][\/et_pb_section][et_pb_section fb_built=&#8221;1&#8243; specialty=&#8221;on&#8221; _builder_version=&#8221;4.4.1&#8243;][et_pb_column type=&#8221;1_2&#8243; _builder_version=&#8221;3.25&#8243; custom_padding=&#8221;|||&#8221; custom_padding__hover=&#8221;|||&#8221;][et_pb_image src=&#8221;https:\/\/platformarozwojowa.pl\/webinaria\/wp-content\/uploads\/2020\/07\/Zrzut-ekranu-2018-06-02-o-20.51.54-1.png&#8221; title_text=&#8221;Zrzut-ekranu-2018-06-02-o-20.51.54-1&#8243; _builder_version=&#8221;4.4.7&#8243;][\/et_pb_image][\/et_pb_column][et_pb_column type=&#8221;1_2&#8243; specialty_columns=&#8221;2&#8243; _builder_version=&#8221;3.25&#8243; custom_padding=&#8221;|||&#8221; custom_padding__hover=&#8221;|||&#8221;][et_pb_row_inner _builder_version=&#8221;4.4.1&#8243;][et_pb_column_inner saved_specialty_column_type=&#8221;1_2&#8243; _builder_version=&#8221;4.4.1&#8243;][et_pb_text _builder_version=&#8221;4.4.7&#8243; text_font_size=&#8221;17px&#8221; text_line_height=&#8221;1.9em&#8221; text_orientation=&#8221;justified&#8221;]<\/p>\n<h1>Gosia Sta\u0144czyk<\/h1>\n<p class=\"et_pb_member_position\">psycholog<\/p>\n<div>\n<p style=\"text-align: left;\"><span>Jestem psychologiem, mam\u0105 trojga dzieci. Wspieram rodzic\u00f3w i nauczycieli w poszukiwaniu wiedzy, narz\u0119dzi i sposob\u00f3w na satysfakcjonuj\u0105cy, oparty na szacunku kontakt z dzie\u0107mi. Udzielam\u00a0konsultacji psychologicznych w Bliskim Miejscu w Warszawie, prowadz\u0119 warsztaty dla rodzic\u00f3w,\u00a0<\/span><a href=\"http:\/\/www.gosiastanczyk.pl\/webinaria\/\" target=\"_blank\" rel=\"noopener noreferrer\">webinaria<\/a><span>\u00a0i superwizyjne spotkania dla nauczycieli. Jestem autork\u0105 ksi\u0105\u017cki \u201eRodze\u0144stwo\u201d. Pisz\u0119 blog po\u015bwi\u0119cony sprawom rodzicielstwa i rozwoju:\u00a0<\/span><a href=\"http:\/\/www.gosiastanczyk.pl\/\" target=\"_blank\" rel=\"noopener noreferrer\">www.gosiastanczyk.pl<\/a><span>.\u00a0<\/span><\/p>\n<p><span>Jestem autork\u0105 ksi\u0105\u017cek:\u00a0\u201eRodze\u0144stwo\u201d, \u201ePotrzebna ca\u0142a wioska\u201d, \u201eO szkole od nowa\u201d.\u00a0<\/span><\/p>\n<\/div>\n<p>[\/et_pb_text][\/et_pb_column_inner][\/et_pb_row_inner][\/et_pb_column][\/et_pb_section][et_pb_section fb_built=&#8221;1&#8243; _builder_version=&#8221;4.5.0&#8243; _module_preset=&#8221;default&#8221;][et_pb_row _builder_version=&#8221;4.5.0&#8243; _module_preset=&#8221;default&#8221;][et_pb_column type=&#8221;4_4&#8243; _builder_version=&#8221;4.5.0&#8243; _module_preset=&#8221;default&#8221;][et_pb_button button_url=&#8221;https:\/\/gosiastanczyk.pl\/sklep\/?add-to-cart=12367&#8243; button_text=&#8221;Uzyskaj dost\u0119p&#8221; button_alignment=&#8221;center&#8221; _builder_version=&#8221;4.5.0&#8243; _module_preset=&#8221;default&#8221; custom_button=&#8221;on&#8221; button_text_size=&#8221;48px&#8221;][\/et_pb_button][\/et_pb_column][\/et_pb_row][\/et_pb_section][et_pb_section fb_built=&#8221;1&#8243; _builder_version=&#8221;3.22&#8243;][et_pb_row _builder_version=&#8221;3.25&#8243; background_size=&#8221;initial&#8221; background_position=&#8221;top_left&#8221; background_repeat=&#8221;repeat&#8221;][et_pb_column type=&#8221;4_4&#8243; _builder_version=&#8221;3.25&#8243; custom_padding=&#8221;|||&#8221; custom_padding__hover=&#8221;|||&#8221;][et_pb_text _builder_version=&#8221;4.4.1&#8243; background_size=&#8221;initial&#8221; background_position=&#8221;top_left&#8221; background_repeat=&#8221;repeat&#8221; text_orientation=&#8221;center&#8221; module_alignment=&#8221;center&#8221;]<\/p>\n<h1>Cz\u0119sto zadawane pytania<\/h1>\n<p>[\/et_pb_text][et_pb_toggle title=&#8221;Jak d\u0142ugo b\u0119d\u0119 mie\u0107 dost\u0119p do nagrania?&#8221; _builder_version=&#8221;4.4.1&#8243; background_size=&#8221;initial&#8221; background_position=&#8221;top_left&#8221; background_repeat=&#8221;repeat&#8221;]<\/p>\n<p>Dost\u0119p do materia\u0142u wideo i\u00a0 mp3 b\u0119dzie przez minimum 12 miesi\u0105cy.\u00a0<\/p>\n<p>[\/et_pb_toggle][et_pb_toggle title=&#8221;Jakie s\u0105 wymaganie techniczne?&#8221; _builder_version=&#8221;4.4.1&#8243; background_size=&#8221;initial&#8221; background_position=&#8221;top_left&#8221; background_repeat=&#8221;repeat&#8221;]<\/p>\n<p><span>Webinarium nie wymaga specjalistycznego oprogramowania. Wystarczy komputer, tablet lub smartfon z dost\u0119pem do internetu.<\/span><\/p>\n<p>[\/et_pb_toggle][et_pb_toggle title=&#8221;Czy mog\u0119 otrzyma\u0107 faktur\u0119?&#8221; _builder_version=&#8221;4.4.1&#8243; background_size=&#8221;initial&#8221; background_position=&#8221;top_left&#8221; background_repeat=&#8221;repeat&#8221;]<\/p>\n<p><span>Do ka\u017cdego zakupu kursu jest wystawiany dokument sprzeda\u017cy. Wystarczy poda\u0107 dane firmy i NIP przy sk\u0142adaniu zam\u00f3wienia \u2013 dokument zostanie wys\u0142any automatycznie po dokonaniu p\u0142atno\u015bci. Stawka VAT: 23%.\u00a0<\/span><\/p>\n<p>[\/et_pb_toggle][et_pb_toggle title=&#8221;Mam wi\u0119cej pyta\u0144&#8230;&#8221; _builder_version=&#8221;4.4.1&#8243; background_size=&#8221;initial&#8221; background_position=&#8221;top_left&#8221; background_repeat=&#8221;repeat&#8221;]<\/p>\n<p><span>Napisz na adres kontakt@gosiastanczyk.pl<\/span><\/p>\n<p>[\/et_pb_toggle][\/et_pb_column][\/et_pb_row][\/et_pb_section]<\/p>\n","protected":false},"excerpt":{"rendered":"<p>Webinarium poprowadz\u0105: Agnieszka Stein (psycholog), Gosia Sta\u0144czyk (psycholog) Dost\u0119p do nagrania. Koszt: 39 z\u0142 \u00a0Zapraszamy do obejrzenia nagrania webinarium dla rodzic\u00f3w.\u00a0 Poczucie winy to taki stan, kt\u00f3ry poch\u0142ania du\u017co energii a rzadko pomaga w zmianie i rozwoju. Zdecydowana wi\u0119kszo\u015b\u0107 rodzic\u00f3w zg\u0142asza, \u017ce do\u015bwiadcza poczucia winy.\u00a0 Do tego, \u017ceby po\u017cegna\u0107 poczucie winy, potrzebujemy najpierw je zrozumie\u0107 [&hellip;]<\/p>\n","protected":false},"author":1,"featured_media":0,"parent":0,"menu_order":0,"comment_status":"closed","ping_status":"closed","template":"page-template-blank.php","meta":{"_et_pb_use_builder":"on","_et_pb_old_content":"","_et_gb_content_width":"","_monsterinsights_skip_tracking":false,"_monsterinsights_sitenote_active":false,"_monsterinsights_sitenote_note":"","_monsterinsights_sitenote_category":0,"footnotes":""},"class_list":["post-333","page","type-page","status-publish","hentry"],"_links":{"self":[{"href":"https:\/\/platformarozwojowa.pl\/webinaria\/wp-json\/wp\/v2\/pages\/333","targetHints":{"allow":["GET"]}}],"collection":[{"href":"https:\/\/platformarozwojowa.pl\/webinaria\/wp-json\/wp\/v2\/pages"}],"about":[{"href":"https:\/\/platformarozwojowa.pl\/webinaria\/wp-json\/wp\/v2\/types\/page"}],"author":[{"embeddable":true,"href":"https:\/\/platformarozwojowa.pl\/webinaria\/wp-json\/wp\/v2\/users\/1"}],"replies":[{"embeddable":true,"href":"https:\/\/platformarozwojowa.pl\/webinaria\/wp-json\/wp\/v2\/comments?post=333"}],"version-history":[{"count":3,"href":"https:\/\/platformarozwojowa.pl\/webinaria\/wp-json\/wp\/v2\/pages\/333\/revisions"}],"predecessor-version":[{"id":339,"href":"https:\/\/platformarozwojowa.pl\/webinaria\/wp-json\/wp\/v2\/pages\/333\/revisions\/339"}],"wp:attachment":[{"href":"https:\/\/platformarozwojowa.pl\/webinaria\/wp-json\/wp\/v2\/media?parent=333"}],"curies":[{"name":"wp","href":"https:\/\/api.w.org\/{rel}","templated":true}]}}