{"id":840,"date":"2023-04-04T11:28:15","date_gmt":"2023-04-04T11:28:15","guid":{"rendered":"https:\/\/platformarozwojowa.pl\/projekty\/?page_id=840"},"modified":"2023-04-06T14:01:59","modified_gmt":"2023-04-06T14:01:59","slug":"bartek","status":"publish","type":"page","link":"https:\/\/platformarozwojowa.pl\/projekty\/bartek\/","title":{"rendered":"Kontakt"},"content":{"rendered":"<p>[et_pb_section fb_built=&#8221;1&#8243; _builder_version=&#8221;4.18.0&#8243; min_height=&#8221;1398.1px&#8221; custom_margin=&#8221;||-245px|||&#8221; custom_padding=&#8221;||0px|||&#8221; global_colors_info=&#8221;{}&#8221;][et_pb_row _builder_version=&#8221;4.18.0&#8243; width=&#8221;100%&#8221; global_colors_info=&#8221;{}&#8221;][et_pb_column type=&#8221;4_4&#8243; _builder_version=&#8221;4.16&#8243; global_colors_info=&#8221;{}&#8221;][et_pb_code _builder_version=&#8221;4.19.5&#8243; _module_preset=&#8221;default&#8221; global_colors_info=&#8221;{}&#8221;]<div id=\"cbox-bffccG3ktKSsEz7D\"><\/div>[\/et_pb_code][et_pb_text _builder_version=&#8221;4.19.5&#8243; _module_preset=&#8221;default&#8221; hover_enabled=&#8221;0&#8243; sticky_enabled=&#8221;0&#8243;]<\/p>\n<h1 style=\"text-align: center;\">Konsultacje biznesowe online<\/h1>\n<p><span>Konsultacja indywidualna, podczas kt\u00f3rej b\u0119d\u0119 wspiera\u0142 w poszukiwaniu rozwi\u0105za\u0144 dla konkretnych projekt\u00f3w biznesowych. Konsultacja na Skype, Messenger lub Google Meet. Termin ustalany po zapisie.<\/span><\/p>\n<p>Koszt: 250 z\u0142 (brutto).<\/p>\n<p><span><\/span><\/p>\n<p>[\/et_pb_text][et_pb_button button_text=&#8221;\ud83d\uded2 Kupuj\u0119 konsultacj\u0119&#8221; _builder_version=&#8221;4.19.5&#8243; _module_preset=&#8221;default&#8221; button_url=&#8221;https:\/\/platformarozwojowa.pl\/zamowienie\/?add-to-cart=188535&#8243; button_alignment=&#8221;center&#8221; hover_enabled=&#8221;0&#8243; sticky_enabled=&#8221;0&#8243;][\/et_pb_button][\/et_pb_column][\/et_pb_row][\/et_pb_section]<\/p>\n","protected":false},"excerpt":{"rendered":"<p><div id=\"cbox-bffccG3ktKSsEz7D\"><\/div>Konsultacje biznesowe online Konsultacja indywidualna, podczas kt\u00f3rej b\u0119d\u0119 wspiera\u0142 w poszukiwaniu rozwi\u0105za\u0144 dla konkretnych projekt\u00f3w biznesowych. Konsultacja na Skype, Messenger lub Google Meet. Termin ustalany po zapisie. Koszt: 250 z\u0142 (brutto).<\/p>\n","protected":false},"author":1,"featured_media":0,"parent":0,"menu_order":0,"comment_status":"closed","ping_status":"closed","template":"page-template-blank.php","meta":{"_et_pb_use_builder":"on","_et_pb_old_content":"","_et_gb_content_width":"","_mi_skip_tracking":false},"_links":{"self":[{"href":"https:\/\/platformarozwojowa.pl\/projekty\/wp-json\/wp\/v2\/pages\/840"}],"collection":[{"href":"https:\/\/platformarozwojowa.pl\/projekty\/wp-json\/wp\/v2\/pages"}],"about":[{"href":"https:\/\/platformarozwojowa.pl\/projekty\/wp-json\/wp\/v2\/types\/page"}],"author":[{"embeddable":true,"href":"https:\/\/platformarozwojowa.pl\/projekty\/wp-json\/wp\/v2\/users\/1"}],"replies":[{"embeddable":true,"href":"https:\/\/platformarozwojowa.pl\/projekty\/wp-json\/wp\/v2\/comments?post=840"}],"version-history":[{"count":4,"href":"https:\/\/platformarozwojowa.pl\/projekty\/wp-json\/wp\/v2\/pages\/840\/revisions"}],"predecessor-version":[{"id":848,"href":"https:\/\/platformarozwojowa.pl\/projekty\/wp-json\/wp\/v2\/pages\/840\/revisions\/848"}],"wp:attachment":[{"href":"https:\/\/platformarozwojowa.pl\/projekty\/wp-json\/wp\/v2\/media?parent=840"}],"curies":[{"name":"wp","href":"https:\/\/api.w.org\/{rel}","templated":true}]}}