{"id":322,"date":"2020-04-28T11:27:48","date_gmt":"2020-04-28T11:27:48","guid":{"rendered":"https:\/\/platformarozwojowa.pl\/projekty\/?page_id=322"},"modified":"2023-04-06T14:04:19","modified_gmt":"2023-04-06T14:04:19","slug":"kurs","status":"publish","type":"page","link":"https:\/\/platformarozwojowa.pl\/projekty\/","title":{"rendered":"Kurs"},"content":{"rendered":"<p>[et_pb_section fb_built=&#8221;1&#8243; _builder_version=&#8221;4.18.0&#8243; min_height=&#8221;1398.1px&#8221; custom_margin=&#8221;||-245px|||&#8221; custom_padding=&#8221;||0px|||&#8221; global_colors_info=&#8221;{}&#8221;][et_pb_row _builder_version=&#8221;4.18.0&#8243; width=&#8221;100%&#8221; global_colors_info=&#8221;{}&#8221;][et_pb_column type=&#8221;4_4&#8243; _builder_version=&#8221;4.16&#8243; global_colors_info=&#8221;{}&#8221;][et_pb_image src=&#8221;https:\/\/platformarozwojowa.pl\/projekty\/wp-content\/uploads\/2023\/02\/Projekty-online-kurs-webinarowy.png&#8221; title_text=&#8221;Projekty online &#8211; kurs webinarowy&#8221; align=&#8221;center&#8221; _builder_version=&#8221;4.19.5&#8243; width=&#8221;86%&#8221; global_colors_info=&#8221;{}&#8221;][\/et_pb_image][et_pb_text admin_label=&#8221;okursie&#8221; module_id=&#8221;okursie&#8221; _builder_version=&#8221;4.16&#8243; text_font_size=&#8221;18px&#8221; text_line_height=&#8221;1.8em&#8221; custom_padding=&#8221;|||31px||&#8221; global_colors_info=&#8221;{}&#8221;]<\/p>\n<h1 style=\"text-align: center;\">O kursie<\/h1>\n<p>Zapraszam na kurs webinarowy, w kt\u00f3rym podziel\u0119 si\u0119 uczestnikami swoim sze\u015bcioletnim do\u015bwiadczeniem w prowadzeniu projekt\u00f3w online. Podczas trzech webinar\u00f3w, przedstawi\u0119 wybrane praktyczne wskaz\u00f3wki, dotycz\u0105ce sprzeda\u017cy, marketingu i obs\u0142ugi klienta. Opowiada\u0142 b\u0119d\u0119 tak\u017ce o tym, jak budowa\u0107 w sobie nastawienie, kt\u00f3re sprzyja powodzeniu projekt\u00f3w.<\/p>\n<p>&nbsp;<\/p>\n<p><span><\/span><\/p>\n<p>[\/et_pb_text][et_pb_button button_url=&#8221;#zapis&#8221; button_text=&#8221;Przejd\u017a do zapis\u00f3w&#8221; button_alignment=&#8221;center&#8221; _builder_version=&#8221;4.18.0&#8243; _module_preset=&#8221;default&#8221; global_colors_info=&#8221;{}&#8221;][\/et_pb_button][et_pb_text admin_label=&#8221;okursie&#8221; module_id=&#8221;okursie&#8221; _builder_version=&#8221;4.16&#8243; text_font_size=&#8221;18px&#8221; text_line_height=&#8221;1.8em&#8221; custom_padding=&#8221;|||31px||&#8221; global_colors_info=&#8221;{}&#8221;]<\/p>\n<p>&nbsp;<\/p>\n<p>\u00a0<span style=\"font-size: 18px;\">Webinarowy kurs online adresujemy do os\u00f3b, kt\u00f3re:<\/span><\/p>\n<ul>\n<ul>\n<li>Chc\u0105 zacz\u0105\u0107 organizowa\u0107 projekty online (szkolenia, kursy, webinaria).<\/li>\n<li>Maj\u0105 ju\u017c do\u015bwiadczenie w prowadzeniu projekt\u00f3w, ale szukaj\u0105 wiedzy i umiej\u0119tno\u015bci, kt\u00f3re pomog\u0105 im osi\u0105ga\u0107 lepsze wyniki.<\/li>\n<\/ul>\n<\/ul>\n<p><strong>Webinarowy kurs online to:<\/strong><br \/>\u2705 w sk\u0142ad kursu wchodz\u0105 3 webinaria (nagrania). Czas trwania webinari\u00f3w: ok. 90-100 minut<\/p>\n<p>&nbsp;<\/p>\n<p>\u2705 Uczestnicy otrzymaj\u0105 dost\u0119p do nagra\u0144 webinari\u00f3w na 24 miesi\u0105ce.\u00a0<\/p>\n<p>&nbsp;<\/p>\n<p><span><\/span><\/p>\n<p>[\/et_pb_text][\/et_pb_column][\/et_pb_row][\/et_pb_section][et_pb_section fb_built=&#8221;1&#8243; _builder_version=&#8221;4.16&#8243; min_height=&#8221;89px&#8221; custom_margin=&#8221;||-73px|||&#8221; global_colors_info=&#8221;{}&#8221;][et_pb_row _builder_version=&#8221;4.16&#8243; global_colors_info=&#8221;{}&#8221;][et_pb_column type=&#8221;4_4&#8243; _builder_version=&#8221;4.16&#8243; global_colors_info=&#8221;{}&#8221;][et_pb_text _builder_version=&#8221;4.16&#8243; custom_margin=&#8221;81px|||||&#8221; custom_padding=&#8221;116px||21px|||&#8221; global_colors_info=&#8221;{}&#8221;]<\/p>\n<h1 style=\"text-align: center;\">Prowadz\u0105cy<\/h1>\n<p>[\/et_pb_text][\/et_pb_column][\/et_pb_row][\/et_pb_section][et_pb_section fb_built=&#8221;1&#8243; specialty=&#8221;on&#8221; _builder_version=&#8221;4.16&#8243; global_colors_info=&#8221;{}&#8221;][et_pb_column type=&#8221;1_2&#8243; _builder_version=&#8221;4.16&#8243; custom_padding=&#8221;|||&#8221; global_colors_info=&#8221;{}&#8221; custom_padding__hover=&#8221;|||&#8221;][et_pb_image src=&#8221;https:\/\/platformarozwojowa.pl\/projekty\/wp-content\/uploads\/2023\/02\/IMG_3078-scaled.jpg&#8221; title_text=&#8221;IMG_3078&#8243; _builder_version=&#8221;4.19.5&#8243; global_colors_info=&#8221;{}&#8221;][\/et_pb_image][\/et_pb_column][et_pb_column type=&#8221;1_2&#8243; specialty_columns=&#8221;2&#8243; _builder_version=&#8221;4.16&#8243; custom_padding=&#8221;|||&#8221; global_colors_info=&#8221;{}&#8221; custom_padding__hover=&#8221;|||&#8221;][et_pb_row_inner _builder_version=&#8221;4.19.5&#8243; global_colors_info=&#8221;{}&#8221;][et_pb_column_inner saved_specialty_column_type=&#8221;1_2&#8243; _builder_version=&#8221;4.19.5&#8243; global_colors_info=&#8221;{}&#8221;][et_pb_text _builder_version=&#8221;4.19.5&#8243; text_font_size=&#8221;17px&#8221; text_line_height=&#8221;1.9em&#8221; text_orientation=&#8221;justified&#8221; global_colors_info=&#8221;{}&#8221;]<\/p>\n<h1><span><\/span>Bartek Sta\u0144czyk<\/h1>\n<p class=\"et_pb_member_position\">\n<div>\n<p>Jestem przedsi\u0119biorc\u0105, za\u0142o\u017cycielem Platformy Rozwojowej, obs\u0142uguj\u0105cej projekty online (szkolenie, webinaria, kursy) dla rodzic\u00f3w i specjalist\u00f3w pracuj\u0105cych z dzie\u0107mi i rodzicami.<\/p>\n<p>Specjalizuj\u0119 si\u0119 w tworzeniu strategii marketingowych i planowaniu oraz prowadzeniu sprzeda\u017cy projekt\u00f3w online. Tworz\u0119 kursy od strony technicznej, staraj\u0105c si\u0119 uczyni\u0107 korzystanie z nich najprostszym, jak to mo\u017cliwe. Wa\u017cn\u0105 cz\u0119\u015bci\u0105 mojej pracy jest dbanie o \u201ekomfort techniczny\u201d uczestnik\u00f3w i prowadz\u0105cych.<\/p>\n<p>Stworzy\u0142em zaplecze technologiczne i kampanie sprzeda\u017cowe ponad setki projekt\u00f3w Gosi Sta\u0144czyk, Agnieszki Stein i innych wsp\u00f3\u0142pracuj\u0105cych z nami specjalist\u00f3w.<br \/>Zajmuj\u0119 si\u0119 obs\u0142ug\u0105 ponad 3000 klient\u00f3w rocznie. <br \/>Zarz\u0105dzam i wspieram rozw\u00f3j newslettera Gosi Sta\u0144czyk docieraj\u0105cego do kilkudziesi\u0119ciu tysi\u0119cy odbiorc\u00f3w.<\/p>\n<p>\u201ePo godzinach\u201d jestem lekarzem dentyst\u0105 praktykuj\u0105cym w Medicover Stomatologia przy Placu Konstytucji w Warszawie.<\/p>\n<p>Jestem tat\u0105 tr\u00f3jki dzieci i jest mi bliska idea rodzicielstwa blisko\u015bci.<\/p>\n<p><span>Jedn\u0105 z moich motywacji do pracy jest czynienie wiedzy o relacjach i rozwoju dzieci bardziej dost\u0119pn\u0105, o co troszcz\u0119 si\u0119 w duecie z moj\u0105 \u017con\u0105, Gosi\u0105.<\/span><\/p>\n<p><span><strong>\u00a0<\/strong><\/span><\/p>\n<\/div>\n<p>[\/et_pb_text][\/et_pb_column_inner][\/et_pb_row_inner][\/et_pb_column][\/et_pb_section][et_pb_section fb_built=&#8221;1&#8243; _builder_version=&#8221;4.16&#8243; global_colors_info=&#8221;{}&#8221;][et_pb_row _builder_version=&#8221;4.16&#8243; background_size=&#8221;initial&#8221; background_position=&#8221;top_left&#8221; background_repeat=&#8221;repeat&#8221; global_colors_info=&#8221;{}&#8221;][et_pb_column type=&#8221;4_4&#8243; _builder_version=&#8221;4.16&#8243; custom_padding=&#8221;|||&#8221; global_colors_info=&#8221;{}&#8221; custom_padding__hover=&#8221;|||&#8221;][et_pb_text _builder_version=&#8221;4.16&#8243; background_size=&#8221;initial&#8221; background_position=&#8221;top_left&#8221; background_repeat=&#8221;repeat&#8221; text_orientation=&#8221;center&#8221; module_alignment=&#8221;center&#8221; global_colors_info=&#8221;{}&#8221;]<\/p>\n<h1>Program kursu<\/h1>\n<p>[\/et_pb_text][\/et_pb_column][\/et_pb_row][et_pb_row column_structure=&#8221;1_3,1_3,1_3&#8243; _builder_version=&#8221;4.16&#8243; background_size=&#8221;initial&#8221; background_position=&#8221;top_left&#8221; background_repeat=&#8221;repeat&#8221; global_colors_info=&#8221;{}&#8221;][et_pb_column type=&#8221;1_3&#8243; _builder_version=&#8221;4.16&#8243; custom_padding=&#8221;|||&#8221; global_colors_info=&#8221;{}&#8221; custom_padding__hover=&#8221;|||&#8221;][et_pb_testimonial portrait_url=&#8221;https:\/\/platformarozwojowa.pl\/projekty\/wp-content\/uploads\/2023\/02\/1.png&#8221; quote_icon=&#8221;off&#8221; _builder_version=&#8221;4.19.5&#8243; background_color=&#8221;#f7f7f7&#8243; background_size=&#8221;initial&#8221; background_position=&#8221;top_left&#8221; background_repeat=&#8221;repeat&#8221; border_radii_portrait=&#8221;on|150px|150px|150px|150px&#8221; global_colors_info=&#8221;{}&#8221;]<\/p>\n<p><b>WEBINAR 1<\/b><strong><\/strong><\/p>\n<p><strong>Jak zbudowa\u0107 <em>mindset<\/em>, kt\u00f3ry sprzyja powodzeniu projektu<\/strong><\/p>\n<p>&nbsp;<\/p>\n<p>Ukierunkowanie swoich my\u015bli i dzia\u0142a\u0144, mo\u017ce sprzyja\u0107 osi\u0105ganiu celu lub nam to utrudnia\u0107.<\/p>\n<p>Podczas tego spotkania podziel\u0119 si\u0119 tym, w jaki spos\u00f3b:<\/p>\n<ul>\n<li>ustalam <strong>cele<\/strong> dla konkretnego projektu,<\/li>\n<li>planuj\u0119 <strong>d\u0142ugofalowe<\/strong> dzia\u0142anie,<\/li>\n<li>my\u015bl\u0119 o <strong>klientach<\/strong> i ich traktuj\u0119,<\/li>\n<li>poszukuj\u0119 nowych <strong>form<\/strong> produkt\u00f3w<\/li>\n<li><strong>eksperymentuj\u0119<\/strong> z r\u00f3\u017cnymi metodami promocji,<\/li>\n<li>podejmuj\u0119 decyzje o<strong> kontynuacji lub rezygnacji <\/strong>z realizacji projektu lub zmiany strategii,<\/li>\n<li>buduj\u0119 swoje <strong>zaanga\u017cowanie i motywacj\u0119<\/strong> do dzia\u0142ania.<\/li>\n<\/ul>\n<p>[\/et_pb_testimonial][\/et_pb_column][et_pb_column type=&#8221;1_3&#8243; _builder_version=&#8221;4.16&#8243; custom_padding=&#8221;|||&#8221; global_colors_info=&#8221;{}&#8221; custom_padding__hover=&#8221;|||&#8221;][et_pb_testimonial portrait_url=&#8221;https:\/\/platformarozwojowa.pl\/projekty\/wp-content\/uploads\/2023\/02\/2.png&#8221; quote_icon=&#8221;off&#8221; _builder_version=&#8221;4.19.5&#8243; background_color=&#8221;#f7f7f7&#8243; background_size=&#8221;initial&#8221; background_position=&#8221;top_left&#8221; background_repeat=&#8221;repeat&#8221; border_radii_portrait=&#8221;on|150px|150px|150px|150px&#8221; global_colors_info=&#8221;{}&#8221;]<\/p>\n<p><b>WEBINAR 2\u00a0<\/b><\/p>\n<p><strong>Sprzeda\u017c i marketing<\/strong><\/p>\n<p>&nbsp;<\/p>\n<p>Marketing i sprzeda\u017c to dwa obszary, kt\u00f3re wymagaj\u0105 odr\u0119bnych dzia\u0142a\u0144 i strategii.<\/p>\n<p>Podczas tego spotkania podziel\u0119 si\u0119 tym, w jaki spos\u00f3b:<\/p>\n<ul>\n<li>ustalam <strong>grup\u0119 odbiorc\u00f3w,<\/strong><\/li>\n<li>buduj\u0119 baz\u0119 potencjalnych <strong>klient\u00f3w<\/strong>,<\/li>\n<li>tworz\u0119 <strong>ofert\u0119<\/strong> wraz z prowadz\u0105cymi dany projekt,<\/li>\n<li>ustalam <strong>strategie cenowe<\/strong>,<\/li>\n<li>docieram z <strong>ofert\u0105<\/strong> do zainteresowanych os\u00f3b,<\/li>\n<li>przekonuj\u0119 klient\u00f3w do podj\u0119cia decyzji o <strong>zakupie<\/strong>.<\/li>\n<\/ul>\n<p>[\/et_pb_testimonial][\/et_pb_column][et_pb_column type=&#8221;1_3&#8243; _builder_version=&#8221;4.16&#8243; custom_padding=&#8221;|||&#8221; global_colors_info=&#8221;{}&#8221; custom_padding__hover=&#8221;|||&#8221;][et_pb_testimonial portrait_url=&#8221;https:\/\/platformarozwojowa.pl\/projekty\/wp-content\/uploads\/2023\/02\/3.png&#8221; quote_icon=&#8221;off&#8221; _builder_version=&#8221;4.19.5&#8243; background_color=&#8221;#f7f7f7&#8243; background_size=&#8221;initial&#8221; background_position=&#8221;top_left&#8221; background_repeat=&#8221;repeat&#8221; custom_padding=&#8221;|||30px||&#8221; global_colors_info=&#8221;{}&#8221;]<\/p>\n<p><b>WEBINAR 3<\/b><\/p>\n<p><strong>Obs\u0142uga operacyjna<\/strong><\/p>\n<p><b><\/b><\/p>\n<p><span style=\"font-weight: 400;\">Prowadzenie projektu to codzienna praca z konkretnymi zadaniami do wykonania<\/span><b><\/b><\/p>\n<p><span style=\"font-weight: 400;\">Podczas tego spotkania podziel\u0119 si\u0119 tym, w jaki spos\u00f3b:<\/span><\/p>\n<ul>\n<li style=\"font-weight: 400;\" aria-level=\"1\"><span style=\"font-weight: 400;\">generuj\u0119 list\u0119 zada\u0144, kt\u00f3re sk\u0142adaj\u0105 si\u0119 na wykonanie ca\u0142ego projektu,<\/span><\/li>\n<li style=\"font-weight: 400;\" aria-level=\"1\"><span style=\"font-weight: 400;\">ustalam harmonogram dzia\u0142a\u0144 marketingowych, sprzeda\u017cowych i obs\u0142ugowych,<\/span><\/li>\n<li style=\"font-weight: 400;\" aria-level=\"1\"><span style=\"font-weight: 400;\">buduj\u0119 baz\u0119 os\u00f3b zainteresowanych projektami,<\/span><\/li>\n<li style=\"font-weight: 400;\" aria-level=\"1\"><span style=\"font-weight: 400;\">pracuj\u0119 z narz\u0119dziem do newsletter\u00f3w,<\/span><\/li>\n<li style=\"font-weight: 400;\" aria-level=\"1\"><span style=\"font-weight: 400;\">organizuj\u0119 webinary,<\/span><\/li>\n<li style=\"font-weight: 400;\" aria-level=\"1\"><span style=\"font-weight: 400;\">obs\u0142ug\u0119 trwaj\u0105ce kursy i szkolenia.<\/span><\/li>\n<\/ul>\n<ul><\/ul>\n<p>[\/et_pb_testimonial][\/et_pb_column][\/et_pb_row][et_pb_row _builder_version=&#8221;4.16&#8243; global_colors_info=&#8221;{}&#8221;][et_pb_column type=&#8221;4_4&#8243; _builder_version=&#8221;4.16&#8243; global_colors_info=&#8221;{}&#8221;][et_pb_blurb title=&#8221;Organizacja kursu&#8221; image=&#8221;https:\/\/platformarozwojowa.pl\/projekty\/wp-content\/uploads\/2020\/04\/emma-matthews-digital-content-production-8K62atzbulQ-unsplash.jpg&#8221; _builder_version=&#8221;4.19.5&#8243; global_colors_info=&#8221;{}&#8221;]<\/p>\n<ul>\n<li><strong>Kurs sk\u0142ada si\u0119 z nagra\u0144 3 webinar\u00f3w.<\/strong><\/li>\n<li>Dost\u0119p do nagra\u0144 i materia\u0142\u00f3w b\u0119dzie przez 24 miesi\u0105ce.<\/li>\n<li>MP3. Nagrania webinar\u00f3w b\u0119d\u0105 dost\u0119pne tak\u017ce w wersji audio \u2013 do s\u0142uchania.<\/li>\n<li>Ograniczona liczba miejsc.<\/li>\n<li>W wersji <strong>rozszerzonej<\/strong> kursu oferuj\u0119 dodatkowo konsultacj\u0119 indywidualn\u0105, podczas kt\u00f3rej b\u0119d\u0119 wspiera\u0142 w poszukiwaniu rozwi\u0105za\u0144 dla konkretnych projekt\u00f3w (ograniczona liczba miejsc na kursie z konsultacj\u0105).<\/li>\n<\/ul>\n<p>&nbsp;<\/p>\n<p>[\/et_pb_blurb][\/et_pb_column][\/et_pb_row][et_pb_row _builder_version=&#8221;4.18.0&#8243; _module_preset=&#8221;default&#8221; global_colors_info=&#8221;{}&#8221;][et_pb_column type=&#8221;4_4&#8243; _builder_version=&#8221;4.18.0&#8243; _module_preset=&#8221;default&#8221; global_colors_info=&#8221;{}&#8221;][\/et_pb_column][\/et_pb_row][et_pb_row column_structure=&#8221;1_2,1_2&#8243; module_id=&#8221;zapisy&#8221; _builder_version=&#8221;4.19.5&#8243; background_size=&#8221;initial&#8221; background_position=&#8221;top_left&#8221; background_repeat=&#8221;repeat&#8221; global_colors_info=&#8221;{}&#8221;][et_pb_column type=&#8221;1_2&#8243; _builder_version=&#8221;4.19.5&#8243; custom_padding=&#8221;|||&#8221; global_colors_info=&#8221;{}&#8221; custom_padding__hover=&#8221;|||&#8221;][et_pb_cta title=&#8221;Kurs webinarowy&#8221; button_text=&#8221;Klikni\u0119cia&#8221; _builder_version=&#8221;4.19.5&#8243; _module_preset=&#8221;default&#8221; global_colors_info=&#8221;{}&#8221;][\/et_pb_cta][et_pb_blurb title=&#8221;3 webinaria&#8221; use_icon=&#8221;on&#8221; font_icon=&#8221;&#x52;||divi||400&#8243; icon_color=&#8221;#2ea3f2&#8243; icon_placement=&#8221;left&#8221; image_icon_width=&#8221;32px&#8221; module_id=&#8221;zapis&#8221; _builder_version=&#8221;4.19.4&#8243; header_font_size=&#8221;28px&#8221; background_size=&#8221;initial&#8221; background_position=&#8221;top_left&#8221; background_repeat=&#8221;repeat&#8221; icon_font_size=&#8221;32px&#8221; global_colors_info=&#8221;{}&#8221;][\/et_pb_blurb][et_pb_blurb title=&#8221;wersje mp3&#8243; use_icon=&#8221;on&#8221; font_icon=&#8221;&#x52;||divi||400&#8243; icon_color=&#8221;#2ea3f2&#8243; icon_placement=&#8221;left&#8221; image_icon_width=&#8221;32px&#8221; _builder_version=&#8221;4.16&#8243; header_font_size=&#8221;28px&#8221; background_size=&#8221;initial&#8221; background_position=&#8221;top_left&#8221; background_repeat=&#8221;repeat&#8221; icon_font_size=&#8221;32px&#8221; global_colors_info=&#8221;{}&#8221;][\/et_pb_blurb][et_pb_blurb title=&#8221;cena 369 z\u0142 (brutto)&#8221; use_icon=&#8221;on&#8221; font_icon=&#8221;&#x52;||divi||400&#8243; icon_color=&#8221;#2ea3f2&#8243; icon_placement=&#8221;left&#8221; image_icon_width=&#8221;32px&#8221; _builder_version=&#8221;4.19.5&#8243; header_font=&#8221;||||||||&#8221; header_text_align=&#8221;left&#8221; header_font_size=&#8221;28px&#8221; background_size=&#8221;initial&#8221; background_position=&#8221;top_left&#8221; background_repeat=&#8221;repeat&#8221; icon_font_size=&#8221;32px&#8221; global_colors_info=&#8221;{}&#8221;][\/et_pb_blurb][et_pb_button button_url=&#8221;https:\/\/platformarozwojowa.pl\/zamowienie\/?add-to-cart=188506&#8243; button_text=&#8221;Zapisuj\u0119 si\u0119 (369 z\u0142)&#8221; button_alignment=&#8221;center&#8221; _builder_version=&#8221;4.19.5&#8243; _module_preset=&#8221;default&#8221; custom_button=&#8221;on&#8221; button_text_size=&#8221;40px&#8221; button_text_color=&#8221;#FFFFFF&#8221; button_bg_color=&#8221;#E09900&#8243; button_icon=&#8221;&#xe07a;||divi||400&#8243; global_colors_info=&#8221;{}&#8221;][\/et_pb_button][\/et_pb_column][et_pb_column type=&#8221;1_2&#8243; _builder_version=&#8221;4.16&#8243; custom_padding=&#8221;|||&#8221; global_colors_info=&#8221;{}&#8221; custom_padding__hover=&#8221;|||&#8221;][et_pb_cta title=&#8221;Kurs webinarowy + konsultacja&#8221; button_text=&#8221;Klikni\u0119cia&#8221; _builder_version=&#8221;4.19.5&#8243; _module_preset=&#8221;default&#8221; global_colors_info=&#8221;{}&#8221;]<\/p>\n<p>kurs i 60-minutowa konsultacja biznesowa<\/p>\n<p>[\/et_pb_cta][et_pb_blurb title=&#8221;3 webinaria&#8221; use_icon=&#8221;on&#8221; font_icon=&#8221;&#x52;||divi||400&#8243; icon_color=&#8221;#2ea3f2&#8243; icon_placement=&#8221;left&#8221; image_icon_width=&#8221;32px&#8221; module_id=&#8221;zapis&#8221; _builder_version=&#8221;4.19.4&#8243; header_font_size=&#8221;28px&#8221; background_size=&#8221;initial&#8221; background_position=&#8221;top_left&#8221; background_repeat=&#8221;repeat&#8221; icon_font_size=&#8221;32px&#8221; global_colors_info=&#8221;{}&#8221;][\/et_pb_blurb][et_pb_blurb title=&#8221;wersje mp3&#8243; use_icon=&#8221;on&#8221; font_icon=&#8221;&#x52;||divi||400&#8243; icon_color=&#8221;#2ea3f2&#8243; icon_placement=&#8221;left&#8221; image_icon_width=&#8221;32px&#8221; _builder_version=&#8221;4.16&#8243; header_font_size=&#8221;28px&#8221; background_size=&#8221;initial&#8221; background_position=&#8221;top_left&#8221; background_repeat=&#8221;repeat&#8221; icon_font_size=&#8221;32px&#8221; global_colors_info=&#8221;{}&#8221;][\/et_pb_blurb][et_pb_blurb title=&#8221;dodatkowo: konsultacja indywidualna&#8221; use_icon=&#8221;on&#8221; font_icon=&#8221;&#x52;||divi||400&#8243; icon_color=&#8221;#2ea3f2&#8243; icon_placement=&#8221;left&#8221; image_icon_width=&#8221;32px&#8221; _builder_version=&#8221;4.19.5&#8243; header_font_size=&#8221;28px&#8221; background_size=&#8221;initial&#8221; background_position=&#8221;top_left&#8221; background_repeat=&#8221;repeat&#8221; icon_font_size=&#8221;32px&#8221; global_colors_info=&#8221;{}&#8221;]<\/p>\n<p>Konsultacja indywidualna (50 minut), podczas kt\u00f3rej b\u0119d\u0119 wspiera\u0142 w poszukiwaniu rozwi\u0105za\u0144 dla konkretnych projekt\u00f3w. Konsultacja na Skype, Messenger lub Google Meet. Do wykorzystania do ko\u0144ca 2023 &#8211; termin ustalany po zapisie.<\/p>\n<p>&nbsp;<\/p>\n<p>[\/et_pb_blurb][et_pb_blurb title=&#8221;cena 619 z\u0142 (brutto)&#8221; use_icon=&#8221;on&#8221; font_icon=&#8221;&#x52;||divi||400&#8243; icon_color=&#8221;#2ea3f2&#8243; icon_placement=&#8221;left&#8221; image_icon_width=&#8221;32px&#8221; _builder_version=&#8221;4.19.5&#8243; header_font=&#8221;||||||||&#8221; header_text_align=&#8221;left&#8221; header_font_size=&#8221;28px&#8221; background_size=&#8221;initial&#8221; background_position=&#8221;top_left&#8221; background_repeat=&#8221;repeat&#8221; icon_font_size=&#8221;32px&#8221; global_colors_info=&#8221;{}&#8221;][\/et_pb_blurb][et_pb_number_counter title=&#8221;Pozosta\u0142a liczba miejsc&#8221; number=&#8221;7&#8243; percent_sign=&#8221;off&#8221; _builder_version=&#8221;4.19.5&#8243; _module_preset=&#8221;default&#8221; global_colors_info=&#8221;{}&#8221;][\/et_pb_number_counter][et_pb_button button_url=&#8221;https:\/\/platformarozwojowa.pl\/zamowienie\/?add-to-cart=188537&#8243; button_text=&#8221;Zapisuj\u0119 si\u0119 (619 z\u0142)&#8221; button_alignment=&#8221;center&#8221; _builder_version=&#8221;4.19.5&#8243; _module_preset=&#8221;default&#8221; custom_button=&#8221;on&#8221; button_text_size=&#8221;40px&#8221; button_text_color=&#8221;#FFFFFF&#8221; button_bg_color=&#8221;#E09900&#8243; button_icon=&#8221;&#xe07a;||divi||400&#8243; global_colors_info=&#8221;{}&#8221;][\/et_pb_button][\/et_pb_column][\/et_pb_row][\/et_pb_section][et_pb_section fb_built=&#8221;1&#8243; _builder_version=&#8221;4.16&#8243; custom_margin=&#8221;32px|||||&#8221; global_colors_info=&#8221;{}&#8221;][\/et_pb_section]<\/p>\n","protected":false},"excerpt":{"rendered":"<p>O kursie Zapraszam na kurs webinarowy, w kt\u00f3rym podziel\u0119 si\u0119 uczestnikami swoim sze\u015bcioletnim do\u015bwiadczeniem w prowadzeniu projekt\u00f3w online. Podczas trzech webinar\u00f3w, przedstawi\u0119 wybrane praktyczne wskaz\u00f3wki, dotycz\u0105ce sprzeda\u017cy, marketingu i obs\u0142ugi klienta. Opowiada\u0142 b\u0119d\u0119 tak\u017ce o tym, jak budowa\u0107 w sobie nastawienie, kt\u00f3re sprzyja powodzeniu projekt\u00f3w. &nbsp; &nbsp; \u00a0Webinarowy kurs online adresujemy do os\u00f3b, kt\u00f3re: Chc\u0105 [&hellip;]<\/p>\n","protected":false},"author":1,"featured_media":0,"parent":0,"menu_order":0,"comment_status":"closed","ping_status":"closed","template":"page-template-blank.php","meta":{"_et_pb_use_builder":"on","_et_pb_old_content":"","_et_gb_content_width":"","_mi_skip_tracking":false},"_links":{"self":[{"href":"https:\/\/platformarozwojowa.pl\/projekty\/wp-json\/wp\/v2\/pages\/322"}],"collection":[{"href":"https:\/\/platformarozwojowa.pl\/projekty\/wp-json\/wp\/v2\/pages"}],"about":[{"href":"https:\/\/platformarozwojowa.pl\/projekty\/wp-json\/wp\/v2\/types\/page"}],"author":[{"embeddable":true,"href":"https:\/\/platformarozwojowa.pl\/projekty\/wp-json\/wp\/v2\/users\/1"}],"replies":[{"embeddable":true,"href":"https:\/\/platformarozwojowa.pl\/projekty\/wp-json\/wp\/v2\/comments?post=322"}],"version-history":[{"count":178,"href":"https:\/\/platformarozwojowa.pl\/projekty\/wp-json\/wp\/v2\/pages\/322\/revisions"}],"predecessor-version":[{"id":852,"href":"https:\/\/platformarozwojowa.pl\/projekty\/wp-json\/wp\/v2\/pages\/322\/revisions\/852"}],"wp:attachment":[{"href":"https:\/\/platformarozwojowa.pl\/projekty\/wp-json\/wp\/v2\/media?parent=322"}],"curies":[{"name":"wp","href":"https:\/\/api.w.org\/{rel}","templated":true}]}}