{"id":322,"date":"2020-04-28T11:27:48","date_gmt":"2020-04-28T11:27:48","guid":{"rendered":"https:\/\/platformarozwojowa.pl\/komunikacja\/?page_id=322"},"modified":"2024-06-13T14:34:32","modified_gmt":"2024-06-13T14:34:32","slug":"kurs","status":"publish","type":"page","link":"https:\/\/platformarozwojowa.pl\/komunikacja\/","title":{"rendered":"Kurs"},"content":{"rendered":"<p>[et_pb_section fb_built=&#8221;1&#8243; _builder_version=&#8221;4.4.1&#8243; custom_padding=&#8221;||0px|||&#8221;][et_pb_row _builder_version=&#8221;4.4.1&#8243;][et_pb_column type=&#8221;4_4&#8243; _builder_version=&#8221;4.4.1&#8243;][et_pb_image src=&#8221;https:\/\/platformarozwojowa.pl\/komunikacja\/wp-content\/uploads\/2021\/02\/Komunikacja.png&#8221; title_text=&#8221;Komunikacja&#8221; align=&#8221;center&#8221; _builder_version=&#8221;4.8.2&#8243;][\/et_pb_image][et_pb_button button_url=&#8221;#okursie&#8221; button_text=&#8221;Wi\u0119cej informacji o kursie&#8221; _builder_version=&#8221;4.4.1&#8243;][\/et_pb_button][et_pb_text admin_label=&#8221;okursie&#8221; module_id=&#8221;okursie&#8221; _builder_version=&#8221;4.8.2&#8243; text_font_size=&#8221;18px&#8221; text_line_height=&#8221;1.8em&#8221;]<\/p>\n<h1 style=\"text-align: center;\">O kursie<\/h1>\n<p><strong>Komunikacja jest narz\u0119dziem, kt\u00f3re pozwala rozwi\u0105zywa\u0107 r\u00f3\u017cne trudno\u015bci, uwzgl\u0119dniaj\u0105c godno\u015b\u0107 i podmiotowo\u015b\u0107 obu stron. Jednym z element\u00f3w bezpiecznej wi\u0119zi jest w\u0142a\u015bnie wiara w skuteczno\u015b\u0107 komunikacji. Rozwi\u0105zywanie spraw za pomoc\u0105 komunikacji pozwala na dzia\u0142anie bez odwo\u0142ywania si\u0119 do przewagi si\u0142y oraz na to, by obie strony zosta\u0142y wzi\u0119te pod uwag\u0119. Podczas kursu chcemy pokaza\u0107 r\u00f3\u017cne aspekty komunikowania si\u0119, by wesprze\u0107 uczestnik\u00f3w w nauce komunikacji, kt\u00f3ra podnosi jako\u015b\u0107 \u017cycia i pomaga w budowaniu relacji. Chcemy zaproponowa\u0107 r\u00f3\u017cne sposoby na to, jak mo\u017cna rozwija\u0107 umiej\u0119tno\u015bci zwi\u0105zane z porozumiewaniem si\u0119 w swoim \u017cyciu.<\/strong><\/p>\n<p><b>Webinarowy kurs online adresujemy do rodzic\u00f3w, kt\u00f3rzy chc\u0105:<\/b><\/p>\n<ul>\n<li style=\"font-weight: 400;\" aria-level=\"1\"><span style=\"font-weight: 400;\">Zwi\u0119ksza\u0107 samo\u015bwiadomo\u015b\u0107, kt\u00f3ra jest baz\u0105 komunikowania si\u0119.<\/span><\/li>\n<li style=\"font-weight: 400;\" aria-level=\"1\"><span style=\"font-weight: 400;\">Zyska\u0107 umiej\u0119tno\u015bci pomagaj\u0105ce radzi\u0107 sobie w sytuacjach konfliktowych.<\/span><\/li>\n<li style=\"font-weight: 400;\" aria-level=\"1\"><span style=\"font-weight: 400;\">Rozwija\u0107 umiej\u0119tno\u015bci zwi\u0105zane ze s\u0142uchaniem i komunikowaniem swojej perspektywy.<\/span><\/li>\n<li style=\"font-weight: 400;\" aria-level=\"1\"><span style=\"font-weight: 400;\">Budowa\u0107 satysfakcjonuj\u0105ce relacje z innymi, wynikaj\u0105ce z jasno\u015bci w porozumiewaniu si\u0119. <\/span><\/li>\n<\/ul>\n<p><span><\/span><\/p>\n<p><span style=\"font-weight: 400;\">Webinarowy kurs online to:<\/span><\/p>\n<p><span style=\"font-weight: 400;\"><span>\u2705 <\/span>w sk\u0142ad kursu wchodz\u0105 4<strong>\u00a0webinaria\u00a0<\/strong>(nagrania), Czas trwania webinari\u00f3w: 90 minut<br \/> <\/span><span style=\"font-weight: 400;\"><span>\u2705 <\/span>W ramach kursu udost\u0119pniamy te\u017c <strong>materia\u0142y do pracy w\u0142asnej<\/strong> w domu.<br \/> <\/span><span style=\"font-size: 18px;\"><span>\u2705 <\/span>Uczestnicy otrzymaj\u0105 dost\u0119p do nagra\u0144 webinari\u00f3w na <strong>24 miesi\u0105ce<\/strong>. Taka formu\u0142a umo\u017cliwia prac\u0119 we w\u0142asnym tempie (nie przewidujemy grupy FB)<\/span><\/p>\n<p><span><\/span><\/p>\n<p>[\/et_pb_text][\/et_pb_column][\/et_pb_row][\/et_pb_section][et_pb_section fb_built=&#8221;1&#8243; _builder_version=&#8221;4.4.7&#8243; min_height=&#8221;89px&#8221; custom_margin=&#8221;||-73px|||&#8221;][et_pb_row _builder_version=&#8221;4.4.7&#8243;][et_pb_column type=&#8221;4_4&#8243; _builder_version=&#8221;4.4.7&#8243;][et_pb_text _builder_version=&#8221;4.4.7&#8243;]<\/p>\n<h1 style=\"text-align: center;\">Prowadz\u0105ce<\/h1>\n<p>[\/et_pb_text][\/et_pb_column][\/et_pb_row][\/et_pb_section][et_pb_section fb_built=&#8221;1&#8243; specialty=&#8221;on&#8221; _builder_version=&#8221;4.4.7&#8243;][et_pb_column type=&#8221;1_2&#8243; _builder_version=&#8221;3.25&#8243; custom_padding=&#8221;|||&#8221; custom_padding__hover=&#8221;|||&#8221;][et_pb_image src=&#8221;https:\/\/platformarozwojowa.pl\/komunikacja\/wp-content\/uploads\/2019\/12\/AS-569-1-1-768&#215;768.jpg&#8221; title_text=&#8221;AS-569-1-1-768&#215;768&#8243; _builder_version=&#8221;4.4.7&#8243;][\/et_pb_image][\/et_pb_column][et_pb_column type=&#8221;1_2&#8243; specialty_columns=&#8221;2&#8243; _builder_version=&#8221;3.25&#8243; custom_padding=&#8221;|||&#8221; custom_padding__hover=&#8221;|||&#8221;][et_pb_row_inner _builder_version=&#8221;4.4.1&#8243;][et_pb_column_inner saved_specialty_column_type=&#8221;1_2&#8243; _builder_version=&#8221;4.4.1&#8243;][et_pb_text _builder_version=&#8221;4.4.7&#8243; text_font_size=&#8221;17px&#8221; text_line_height=&#8221;1.9em&#8221; text_orientation=&#8221;justified&#8221;]<\/p>\n<h1><span><\/span>Agnieszka Stein<\/h1>\n<p class=\"et_pb_member_position\">psycholog<\/p>\n<div>\n<p><span>Jestem psychologiem i autork\u0105 ksi\u0105\u017cek dla rodzic\u00f3w. Od 1999 roku udzielam indywidualnych konsultacji w sytuacjach w\u0105tpliwo\u015bci wychowawczych, pomagam w rozpoznawaniu wyzwa\u0144 rozwojowych i podpowiada, jak wspiera\u0107 dzieci przechodz\u0105ce przez r\u00f3\u017cne trudne dla nich sytuacje.\u00a0Wspieram psycholog\u00f3w, terapeut\u00f3w i nauczycieli w ich relacjach z dzie\u0107mi i rodzicami. Prowadz\u0119 warsztaty, superwizje i konsultacje. Pracuj\u0119 w Bliskim Miejscu w Warszawie. Pracuj\u0119 z\u00a0 profesjonalistami w ramach projektu\u00a0<\/span><a href=\"http:\/\/www.rb-pro.pl\/\">RB PRO (Rodzicielstwo blisko\u015bci dla profesjonalist\u00f3w)<\/a><span>. Przez wiele lat obszarem mojej pracy by\u0142o wspieranie procesu adaptacji.<\/span><\/p>\n<p><span>Jestem autork\u0105 ksi\u0105\u017cek:\u00a0\u201eDziecko z bliska\u201d,\u00a0\u201eDziecko z bliska idzie w \u015bwiat\u201d,\u00a0\u201eNowe wychowanie seksualne\u201d,\u00a0\u201eAkcja adaptacja\u201d,\u00a0\u201ePotrzebna ca\u0142a wioska\u201d.<strong>\u00a0<\/strong><\/span><\/p>\n<\/div>\n<p>[\/et_pb_text][\/et_pb_column_inner][\/et_pb_row_inner][\/et_pb_column][\/et_pb_section][et_pb_section fb_built=&#8221;1&#8243; specialty=&#8221;on&#8221; _builder_version=&#8221;4.4.1&#8243;][et_pb_column type=&#8221;1_2&#8243; _builder_version=&#8221;3.25&#8243; custom_padding=&#8221;|||&#8221; custom_padding__hover=&#8221;|||&#8221;][et_pb_image src=&#8221;https:\/\/platformarozwojowa.pl\/komunikacja\/wp-content\/uploads\/2020\/04\/Zrzut-ekranu-2018-06-02-o-20.51.54-1.png&#8221; title_text=&#8221;Zrzut-ekranu-2018-06-02-o-20.51.54-1&#8243; _builder_version=&#8221;4.4.7&#8243;][\/et_pb_image][\/et_pb_column][et_pb_column type=&#8221;1_2&#8243; specialty_columns=&#8221;2&#8243; _builder_version=&#8221;3.25&#8243; custom_padding=&#8221;|||&#8221; custom_padding__hover=&#8221;|||&#8221;][et_pb_row_inner _builder_version=&#8221;4.4.1&#8243;][et_pb_column_inner saved_specialty_column_type=&#8221;1_2&#8243; _builder_version=&#8221;4.4.1&#8243;][et_pb_text _builder_version=&#8221;4.4.7&#8243; text_font_size=&#8221;17px&#8221; text_line_height=&#8221;1.9em&#8221; text_orientation=&#8221;justified&#8221;]<\/p>\n<h1>Gosia Sta\u0144czyk<\/h1>\n<p class=\"et_pb_member_position\">psycholog<\/p>\n<div>\n<p><span>Jestem psychologiem, mam\u0105 trojga dzieci. Wspieram rodzic\u00f3w i nauczycieli w poszukiwaniu wiedzy, narz\u0119dzi i sposob\u00f3w na satysfakcjonuj\u0105cy, oparty na szacunku kontakt z dzie\u0107mi. Udzielam\u00a0konsultacji psychologicznych w Bliskim Miejscu w Warszawie, prowadz\u0119 warsztaty dla rodzic\u00f3w,\u00a0<\/span><a href=\"http:\/\/www.gosiastanczyk.pl\/webinaria\/\" target=\"_blank\" rel=\"noopener noreferrer\">webinaria<\/a><span>\u00a0i superwizyjne spotkania dla nauczycieli. Jestem autork\u0105 ksi\u0105\u017cki \u201eRodze\u0144stwo\u201d. Pisz\u0119 blog po\u015bwi\u0119cony sprawom rodzicielstwa i rozwoju:\u00a0<\/span><a href=\"http:\/\/www.gosiastanczyk.pl\/\" target=\"_blank\" rel=\"noopener noreferrer\">www.gosiastanczyk.pl<\/a><span>.\u00a0<\/span><\/p>\n<p><span>Jestem autork\u0105 ksi\u0105\u017cek:\u00a0\u201eRodze\u0144stwo\u201d, \u201ePotrzebna ca\u0142a wioska\u201d, \u201eO szkole od nowa\u201d.\u00a0<\/span><\/p>\n<\/div>\n<p>[\/et_pb_text][\/et_pb_column_inner][\/et_pb_row_inner][\/et_pb_column][\/et_pb_section][et_pb_section fb_built=&#8221;1&#8243; _builder_version=&#8221;3.22&#8243;][et_pb_row _builder_version=&#8221;3.25&#8243; background_size=&#8221;initial&#8221; background_position=&#8221;top_left&#8221; background_repeat=&#8221;repeat&#8221;][et_pb_column type=&#8221;4_4&#8243; _builder_version=&#8221;3.25&#8243; custom_padding=&#8221;|||&#8221; custom_padding__hover=&#8221;|||&#8221;][et_pb_text _builder_version=&#8221;4.4.1&#8243; background_size=&#8221;initial&#8221; background_position=&#8221;top_left&#8221; background_repeat=&#8221;repeat&#8221; text_orientation=&#8221;center&#8221; module_alignment=&#8221;center&#8221;]<\/p>\n<h1>Program kursu<\/h1>\n<p>[\/et_pb_text][\/et_pb_column][\/et_pb_row][et_pb_row column_structure=&#8221;1_2,1_2&#8243; _builder_version=&#8221;4.8.2&#8243; background_size=&#8221;initial&#8221; background_position=&#8221;top_left&#8221; background_repeat=&#8221;repeat&#8221;][et_pb_column type=&#8221;1_2&#8243; _builder_version=&#8221;3.25&#8243; custom_padding=&#8221;|||&#8221; custom_padding__hover=&#8221;|||&#8221;][et_pb_testimonial portrait_url=&#8221;https:\/\/platformarozwojowa.pl\/komunikacja\/wp-content\/uploads\/2021\/02\/komunikacja-1.png&#8221; quote_icon=&#8221;off&#8221; _builder_version=&#8221;4.8.2&#8243; background_color=&#8221;#f7f7f7&#8243; background_size=&#8221;initial&#8221; background_position=&#8221;top_left&#8221; background_repeat=&#8221;repeat&#8221; border_radii_portrait=&#8221;on|150px|150px|150px|150px&#8221;]<\/p>\n<p><b>O kontakcie ze sob\u0105. Sk\u0105d wiedzie\u0107, co chc\u0119 powiedzie\u0107?<\/b><\/p>\n<p>&nbsp;<\/p>\n<p><span style=\"font-weight: 400;\">W komunikacji z innymi im bardziej wiemy, o co nam chodzi, tym \u0142atwiej jest nam to przekaza\u0107 drugiej osobie. Dlatego samo\u015bwiadomo\u015b\u0107\u00a0&#8211; rozumienie siebie i swoich potrzeb, \u015bwiadomo\u015b\u0107 w\u0142asnych granic &#8211; wspiera proces komunikacji z innymi lud\u017ami.<\/span><\/p>\n<p><span style=\"font-weight: 400;\">Podczas webinarium b\u0119dziemy przygl\u0105da\u0107 si\u0119 temu:<\/span><\/p>\n<ul>\n<li style=\"font-weight: 400;\" aria-level=\"1\"><span style=\"font-weight: 400;\">Jak uczy\u0107 si\u0119 rozumienia samych siebie?<\/span><\/li>\n<li style=\"font-weight: 400;\" aria-level=\"1\"><span style=\"font-weight: 400;\">Jak sprawdza\u0107, co si\u0119 z nami dzieje, gdy pr\u00f3bujemy komunikowa\u0107 si\u0119 z innymi lud\u017ami?<\/span><\/li>\n<li style=\"font-weight: 400;\" aria-level=\"1\"><span style=\"font-weight: 400;\">Praktykom, kt\u00f3re wspieraj\u0105 samo\u015bwiadomo\u015b\u0107 i kontakt ze sob\u0105.<\/span><\/li>\n<\/ul>\n<p>[\/et_pb_testimonial][\/et_pb_column][et_pb_column type=&#8221;1_2&#8243; _builder_version=&#8221;3.25&#8243; custom_padding=&#8221;|||&#8221; custom_padding__hover=&#8221;|||&#8221;][et_pb_testimonial portrait_url=&#8221;https:\/\/platformarozwojowa.pl\/komunikacja\/wp-content\/uploads\/2021\/02\/komunikacja-2.png&#8221; quote_icon=&#8221;off&#8221; _builder_version=&#8221;4.8.2&#8243; background_color=&#8221;#f7f7f7&#8243; background_size=&#8221;initial&#8221; background_position=&#8221;top_left&#8221; background_repeat=&#8221;repeat&#8221; border_radii_portrait=&#8221;on|150px|150px|150px|150px&#8221;]<\/p>\n<p><b>O s\u0142uchaniu. Jak s\u0142ucha\u0107, \u017ceby us\u0142ysze\u0107?<\/b><\/p>\n<p>&nbsp;<\/p>\n<p><span style=\"font-weight: 400;\">Umiej\u0119tno\u015b\u0107 s\u0142uchania jest bazow\u0105 umiej\u0119tno\u015bci\u0105 komunikacyjn\u0105, cho\u0107 cz\u0119sto jest niedoceniana. S\u0142uchanie pomaga nam w tym, \u017ceby komunikacja by\u0142a procesem, kt\u00f3ry uwzgl\u0119dnia potrzeby i perspektyw\u0119 obu stron. S\u0142uchanie mo\u017ce nam pom\u00f3c otworzy\u0107 mo\u017cliwo\u015b\u0107 komunikacji tam, gdzie m\u00f3wienie nie by\u0142o w stanie tego zrobi\u0107. Warto pozna\u0107 praktyki, kt\u00f3re pomagaj\u0105 nam uczy\u0107 si\u0119 s\u0142ucha\u0107.<\/span><\/p>\n<p><span style=\"font-weight: 400;\">Podczas webinarium b\u0119dziemy przygl\u0105da\u0107 si\u0119 temu:<\/span><\/p>\n<ul>\n<li style=\"font-weight: 400;\" aria-level=\"1\"><span style=\"font-weight: 400;\">Jaki jest zwi\u0105zek mi\u0119dzy empati\u0105 a s\u0142uchaniem?<\/span><\/li>\n<li style=\"font-weight: 400;\" aria-level=\"1\"><span style=\"font-weight: 400;\">Jak odr\u00f3\u017cni\u0107 to, co s\u0142yszymy, od tego co sobie dopowiadamy?<\/span><\/li>\n<li style=\"font-weight: 400;\" aria-level=\"1\"><span style=\"font-weight: 400;\">Po czym pozna\u0107, kiedy m\u00f3wi\u0107 a kiedy s\u0142ucha\u0107?<\/span><\/li>\n<li style=\"font-weight: 400;\" aria-level=\"1\"><span style=\"font-weight: 400;\">\u00a0Jak sprawdza\u0107, czy zrozumieli\u015bmy to, co s\u0142yszymy?<\/span><\/li>\n<\/ul>\n<p>[\/et_pb_testimonial][\/et_pb_column][\/et_pb_row][et_pb_row column_structure=&#8221;1_2,1_2&#8243; _builder_version=&#8221;4.8.2&#8243; background_size=&#8221;initial&#8221; background_position=&#8221;top_left&#8221; background_repeat=&#8221;repeat&#8221;][et_pb_column type=&#8221;1_2&#8243; _builder_version=&#8221;3.25&#8243; custom_padding=&#8221;|||&#8221; custom_padding__hover=&#8221;|||&#8221;][et_pb_testimonial portrait_url=&#8221;https:\/\/platformarozwojowa.pl\/komunikacja\/wp-content\/uploads\/2021\/02\/komunikacja-3.png&#8221; quote_icon=&#8221;off&#8221; _builder_version=&#8221;4.8.2&#8243; background_color=&#8221;#f7f7f7&#8243; background_size=&#8221;initial&#8221; background_position=&#8221;top_left&#8221; background_repeat=&#8221;repeat&#8221; border_radii_portrait=&#8221;on|150px|150px|150px|150px&#8221;]<\/p>\n<p><b>O m\u00f3wieniu. O wyra\u017caniu siebie, kt\u00f3re pomaga si\u0119 dogada\u0107.<\/b><\/p>\n<p>&nbsp;<\/p>\n<p><span style=\"font-weight: 400;\">Na t\u0119 cz\u0119\u015b\u0107 zazwyczaj wszyscy najbardziej czekaj\u0105. Mamy w sobie bardzo du\u017ce pragnienie tego, \u017ceby kto\u015b nas us\u0142ysza\u0142 i zrozumia\u0142. Jasne i otwarte wyra\u017canie swoich my\u015bli mo\u017ce nam w tym bardzo pom\u00f3c.<\/span><\/p>\n<p>&nbsp;<\/p>\n<p><span style=\"font-weight: 400;\">Podczas webinarium b\u0119dziemy przygl\u0105da\u0107 si\u0119 temu:<\/span><\/p>\n<ul>\n<li style=\"font-weight: 400;\" aria-level=\"1\"><span style=\"font-weight: 400;\">Jak sformu\u0142owa\u0107 to, co m\u00f3wimy, by zwi\u0119kszy\u0107 szans\u0119, \u017ce kto\u015b nas zrozumie?<\/span><\/li>\n<li style=\"font-weight: 400;\" aria-level=\"1\"><span style=\"font-weight: 400;\">Jak u\u017cywa\u0107 tego, co s\u0142yszymy od drugiego cz\u0142owieka, \u017ceby wiedzie\u0107, co powiedzie\u0107.<\/span><\/li>\n<li style=\"font-weight: 400;\" aria-level=\"1\"><span style=\"font-weight: 400;\">Jak uczy\u0107 si\u0119 otwartego komunikowania swojej perspektywy i co mo\u017ce nas w tym wesprze\u0107?<\/span><\/li>\n<li style=\"font-weight: 400;\" aria-level=\"1\"><span style=\"font-weight: 400;\">Co robi\u0107, gdy m\u00f3wienie \u201enie dzia\u0142a\u201d?\u00a0<\/span><\/li>\n<\/ul>\n<p>[\/et_pb_testimonial][\/et_pb_column][et_pb_column type=&#8221;1_2&#8243; _builder_version=&#8221;3.25&#8243; custom_padding=&#8221;|||&#8221; custom_padding__hover=&#8221;|||&#8221;][et_pb_testimonial portrait_url=&#8221;https:\/\/platformarozwojowa.pl\/komunikacja\/wp-content\/uploads\/2021\/02\/komunikacja-4.png&#8221; quote_icon=&#8221;off&#8221; _builder_version=&#8221;4.8.2&#8243; background_color=&#8221;#f7f7f7&#8243; background_size=&#8221;initial&#8221; background_position=&#8221;top_left&#8221; background_repeat=&#8221;repeat&#8221; border_radii_portrait=&#8221;on|150px|150px|150px|150px&#8221;]<\/p>\n<p><b>O konflikcie, kt\u00f3ry wzbogaca. Dlaczego r\u00f3\u017cnice mog\u0105 by\u0107 zasobem?\u00a0<\/b><\/p>\n<p>&nbsp;<\/p>\n<p><span style=\"font-weight: 400;\">Jeste\u015bmy fankami konfliktu. Chcemy pokaza\u0107 uczestnikom webinarium, jak mog\u0105 traktowa\u0107 konflikt jako zas\u00f3b i w jaki spos\u00f3b mo\u017cna zaopiekowa\u0107 si\u0119 konfliktami, by m\u00f3c wyj\u015b\u0107 z takiej sytuacji wzbogaconym.<\/span><\/p>\n<p>&nbsp;<\/p>\n<p><span style=\"font-weight: 400;\">Podczas webinarium b\u0119dziemy przygl\u0105da\u0107 si\u0119 temu:<\/span><\/p>\n<ul>\n<li style=\"font-weight: 400;\" aria-level=\"1\"><span style=\"font-weight: 400;\">Jakie rozumienie konfliktu wspiera komunikacj\u0119?<\/span><\/li>\n<li style=\"font-weight: 400;\" aria-level=\"1\"><span style=\"font-weight: 400;\">Jak konflikt pomaga nam w rozwoju?<\/span><\/li>\n<li style=\"font-weight: 400;\" aria-level=\"1\"><span style=\"font-weight: 400;\">Jak zaopiekowa\u0107 si\u0119 sob\u0105 w konflikcie?<\/span><\/li>\n<\/ul>\n<p>[\/et_pb_testimonial][\/et_pb_column][\/et_pb_row][et_pb_row _builder_version=&#8221;4.4.1&#8243;][et_pb_column type=&#8221;4_4&#8243; _builder_version=&#8221;4.4.1&#8243;][et_pb_blurb title=&#8221;Organizacja kursu&#8221; image=&#8221;https:\/\/platformarozwojowa.pl\/komunikacja\/wp-content\/uploads\/2020\/04\/emma-matthews-digital-content-production-8K62atzbulQ-unsplash.jpg&#8221; _builder_version=&#8221;4.4.7&#8243;]<\/p>\n<ul>\n<li><strong>Harmonogram<\/strong>:\n<ul>\n<li>Kurs sk\u0142ada si\u0119 z 4 webinar\u00f3w: (nagrania)<\/li>\n<li><span style=\"font-size: 14px;\">Uczestnicy otrzymaj\u0105 dost\u0119p do plik\u00f3w PDF do pracy samodzielnej.<\/span><\/li>\n<li><span style=\"font-size: 14px;\">Dost\u0119p do nagra\u0144 i materia\u0142\u00f3w b\u0119dzie przez 24 miesi\u0105ce.<\/span><\/li>\n<\/ul>\n<\/li>\n<li>MP3. Nagrania webinar\u00f3w b\u0119d\u0105 dost\u0119pne tak\u017ce w wersji audio \u2013 do s\u0142uchania.<\/li>\n<\/ul>\n<p>[\/et_pb_blurb][\/et_pb_column][\/et_pb_row][et_pb_row module_id=&#8221;zapisy&#8221; _builder_version=&#8221;4.4.1&#8243; background_size=&#8221;initial&#8221; background_position=&#8221;top_left&#8221; background_repeat=&#8221;repeat&#8221;][et_pb_column type=&#8221;4_4&#8243; _builder_version=&#8221;3.25&#8243; custom_padding=&#8221;|||&#8221; custom_padding__hover=&#8221;|||&#8221;][et_pb_blurb title=&#8221;4 webinaria  (nagrania)&#8221; use_icon=&#8221;on&#8221; font_icon=&#8221;%%49%%&#8221; icon_color=&#8221;#2ea3f2&#8243; icon_placement=&#8221;left&#8221; use_icon_font_size=&#8221;on&#8221; icon_font_size=&#8221;32px&#8221; _builder_version=&#8221;4.8.2&#8243; header_font_size=&#8221;28px&#8221; background_size=&#8221;initial&#8221; background_position=&#8221;top_left&#8221; background_repeat=&#8221;repeat&#8221; hover_enabled=&#8221;0&#8243; sticky_enabled=&#8221;0&#8243;][\/et_pb_blurb][et_pb_blurb title=&#8221;wersje mp3&#8243; use_icon=&#8221;on&#8221; font_icon=&#8221;%%49%%&#8221; icon_color=&#8221;#2ea3f2&#8243; icon_placement=&#8221;left&#8221; use_icon_font_size=&#8221;on&#8221; icon_font_size=&#8221;32px&#8221; _builder_version=&#8221;4.8.2&#8243; header_font_size=&#8221;28px&#8221; background_size=&#8221;initial&#8221; background_position=&#8221;top_left&#8221; background_repeat=&#8221;repeat&#8221;][\/et_pb_blurb][et_pb_blurb title=&#8221;materia\u0142y do pracy w\u0142asnej&#8221; use_icon=&#8221;on&#8221; font_icon=&#8221;%%49%%&#8221; icon_color=&#8221;#2ea3f2&#8243; icon_placement=&#8221;left&#8221; use_icon_font_size=&#8221;on&#8221; icon_font_size=&#8221;32px&#8221; _builder_version=&#8221;4.4.7&#8243; header_font_size=&#8221;28px&#8221; background_size=&#8221;initial&#8221; background_position=&#8221;top_left&#8221; background_repeat=&#8221;repeat&#8221;][\/et_pb_blurb][et_pb_blurb title=&#8221;cena: 199 z\u0142&#8221; use_icon=&#8221;on&#8221; font_icon=&#8221;%%49%%&#8221; icon_color=&#8221;#2ea3f2&#8243; icon_placement=&#8221;left&#8221; use_icon_font_size=&#8221;on&#8221; icon_font_size=&#8221;32px&#8221; _builder_version=&#8221;4.8.2&#8243; header_font=&#8221;||||||||&#8221; header_text_align=&#8221;left&#8221; header_font_size=&#8221;28px&#8221; background_size=&#8221;initial&#8221; background_position=&#8221;top_left&#8221; background_repeat=&#8221;repeat&#8221; text_orientation=&#8221;center&#8221; hover_enabled=&#8221;0&#8243; sticky_enabled=&#8221;0&#8243;][\/et_pb_blurb][et_pb_button button_url=&#8221;https:\/\/platformarozwojowa.pl\/zamowienie\/?add-to-cart=60832&#8243; button_text=&#8221;Zapisuj\u0119 si\u0119 &#8221; button_alignment=&#8221;center&#8221; _builder_version=&#8221;4.8.2&#8243; _module_preset=&#8221;default&#8221; hover_enabled=&#8221;0&#8243; sticky_enabled=&#8221;0&#8243;][\/et_pb_button][\/et_pb_column][\/et_pb_row][\/et_pb_section][et_pb_section fb_built=&#8221;1&#8243; _builder_version=&#8221;3.22&#8243;][et_pb_row _builder_version=&#8221;3.25&#8243; background_size=&#8221;initial&#8221; background_position=&#8221;top_left&#8221; background_repeat=&#8221;repeat&#8221;][et_pb_column type=&#8221;4_4&#8243; _builder_version=&#8221;3.25&#8243; custom_padding=&#8221;|||&#8221; custom_padding__hover=&#8221;|||&#8221;][et_pb_text _builder_version=&#8221;4.6.1&#8243; background_size=&#8221;initial&#8221; background_position=&#8221;top_left&#8221; background_repeat=&#8221;repeat&#8221; text_orientation=&#8221;center&#8221; module_alignment=&#8221;center&#8221;]<\/p>\n<h1>Cz\u0119sto zadawane pytania<\/h1>\n<p>[\/et_pb_text][et_pb_toggle title=&#8221;Jak d\u0142ugo b\u0119d\u0119 mie\u0107 dost\u0119p do materia\u0142\u00f3w?&#8221; _builder_version=&#8221;4.4.1&#8243; background_size=&#8221;initial&#8221; background_position=&#8221;top_left&#8221; background_repeat=&#8221;repeat&#8221;]<\/p>\n<p>Dost\u0119p do materia\u0142\u00f3w wideo, mp3 i pdf b\u0119dzie 24 miesi\u0105ce po zako\u0144czeniu kursu.\u00a0<\/p>\n<p>[\/et_pb_toggle][et_pb_toggle title=&#8221;Jakie s\u0105 wymaganie techniczne?&#8221; _builder_version=&#8221;4.4.1&#8243; background_size=&#8221;initial&#8221; background_position=&#8221;top_left&#8221; background_repeat=&#8221;repeat&#8221;]<\/p>\n<p><span>Kurs nie wymaga specjalistycznego oprogramowania. Wystarczy komputer, tablet lub smartfon z dost\u0119pem do internetu.<\/span><\/p>\n<p>[\/et_pb_toggle][et_pb_toggle title=&#8221;Czy mog\u0119 otrzyma\u0107 faktur\u0119?&#8221; _builder_version=&#8221;4.6.1&#8243; background_size=&#8221;initial&#8221; background_position=&#8221;top_left&#8221; background_repeat=&#8221;repeat&#8221;]<\/p>\n<p><span>Do ka\u017cdego zakupu kursu jest wystawiany dokument sprzeda\u017cy. Wystarczy poda\u0107 dane firmy i NIP przy sk\u0142adaniu zam\u00f3wienia \u2013 dokument zostanie wys\u0142any automatycznie po dokonaniu p\u0142atno\u015bci. Stawka VAT: 23%.\u00a0<\/span><\/p>\n<p>[\/et_pb_toggle][et_pb_toggle title=&#8221;Mam wi\u0119cej pyta\u0144&#8230;&#8221; _builder_version=&#8221;4.4.1&#8243; background_size=&#8221;initial&#8221; background_position=&#8221;top_left&#8221; background_repeat=&#8221;repeat&#8221;]<\/p>\n<p><span>Napisz na adres kontakt@gosiastanczyk.pl<\/span><\/p>\n<p>[\/et_pb_toggle][et_pb_button button_url=&#8221;https:\/\/gosiastanczyk.pl\/sklep\/?add-to-cart=16855&#8243; button_text=&#8221;Zapisuj\u0119 si\u0119&#8221; button_alignment=&#8221;center&#8221; _builder_version=&#8221;4.8.2&#8243; _module_preset=&#8221;default&#8221; custom_button=&#8221;on&#8221; button_text_size=&#8221;32px&#8221; button_text_color=&#8221;#ffffff&#8221; button_bg_color=&#8221;#7cda24&#8243; button_border_width=&#8221;3px&#8221; button_border_color=&#8221;#2aaf1d&#8221;][\/et_pb_button][\/et_pb_column][\/et_pb_row][\/et_pb_section]<\/p>\n","protected":false},"excerpt":{"rendered":"<p>[et_pb_section fb_built=&#8221;1&#8243; _builder_version=&#8221;4.4.1&#8243; custom_padding=&#8221;||0px|||&#8221;][et_pb_row _builder_version=&#8221;4.4.1&#8243;][et_pb_column type=&#8221;4_4&#8243; _builder_version=&#8221;4.4.1&#8243;][et_pb_image src=&#8221;https:\/\/platformarozwojowa.pl\/komunikacja\/wp-content\/uploads\/2021\/02\/Komunikacja.png&#8221; title_text=&#8221;Komunikacja&#8221; align=&#8221;center&#8221; _builder_version=&#8221;4.8.2&#8243;][\/et_pb_image][et_pb_button button_url=&#8221;#okursie&#8221; button_text=&#8221;Wi\u0119cej informacji o kursie&#8221; _builder_version=&#8221;4.4.1&#8243;][\/et_pb_button][et_pb_text admin_label=&#8221;okursie&#8221; module_id=&#8221;okursie&#8221; _builder_version=&#8221;4.8.2&#8243; text_font_size=&#8221;18px&#8221; text_line_height=&#8221;1.8em&#8221;] O kursie Komunikacja jest narz\u0119dziem, kt\u00f3re pozwala rozwi\u0105zywa\u0107 r\u00f3\u017cne trudno\u015bci, uwzgl\u0119dniaj\u0105c godno\u015b\u0107 i podmiotowo\u015b\u0107 obu stron. Jednym z element\u00f3w bezpiecznej wi\u0119zi jest w\u0142a\u015bnie wiara w skuteczno\u015b\u0107 komunikacji. Rozwi\u0105zywanie spraw za pomoc\u0105 komunikacji pozwala [&hellip;]<\/p>\n","protected":false},"author":1,"featured_media":0,"parent":0,"menu_order":0,"comment_status":"closed","ping_status":"closed","template":"page-template-blank.php","meta":{"_et_pb_use_builder":"on","_et_pb_old_content":"","_et_gb_content_width":"","_monsterinsights_skip_tracking":false,"_monsterinsights_sitenote_active":false,"_monsterinsights_sitenote_note":"","_monsterinsights_sitenote_category":0,"footnotes":""},"_links":{"self":[{"href":"https:\/\/platformarozwojowa.pl\/komunikacja\/wp-json\/wp\/v2\/pages\/322"}],"collection":[{"href":"https:\/\/platformarozwojowa.pl\/komunikacja\/wp-json\/wp\/v2\/pages"}],"about":[{"href":"https:\/\/platformarozwojowa.pl\/komunikacja\/wp-json\/wp\/v2\/types\/page"}],"author":[{"embeddable":true,"href":"https:\/\/platformarozwojowa.pl\/komunikacja\/wp-json\/wp\/v2\/users\/1"}],"replies":[{"embeddable":true,"href":"https:\/\/platformarozwojowa.pl\/komunikacja\/wp-json\/wp\/v2\/comments?post=322"}],"version-history":[{"count":110,"href":"https:\/\/platformarozwojowa.pl\/komunikacja\/wp-json\/wp\/v2\/pages\/322\/revisions"}],"predecessor-version":[{"id":643,"href":"https:\/\/platformarozwojowa.pl\/komunikacja\/wp-json\/wp\/v2\/pages\/322\/revisions\/643"}],"wp:attachment":[{"href":"https:\/\/platformarozwojowa.pl\/komunikacja\/wp-json\/wp\/v2\/media?parent=322"}],"curies":[{"name":"wp","href":"https:\/\/api.w.org\/{rel}","templated":true}]}}