{"id":322,"date":"2020-04-28T11:27:48","date_gmt":"2020-04-28T11:27:48","guid":{"rendered":"https:\/\/platformarozwojowa.pl\/dziecieca-zlosc\/?page_id=322"},"modified":"2024-08-19T10:18:47","modified_gmt":"2024-08-19T10:18:47","slug":"kurs","status":"publish","type":"page","link":"https:\/\/platformarozwojowa.pl\/dziecieca-zlosc\/","title":{"rendered":"Kurs"},"content":{"rendered":"<p>[et_pb_section fb_built=&#8221;1&#8243; _builder_version=&#8221;4.16&#8243; min_height=&#8221;1398.1px&#8221; custom_margin=&#8221;||-245px|||&#8221; custom_padding=&#8221;||0px|||&#8221; global_colors_info=&#8221;{}&#8221;][et_pb_row _builder_version=&#8221;4.16&#8243; global_colors_info=&#8221;{}&#8221;][et_pb_column type=&#8221;4_4&#8243; _builder_version=&#8221;4.16&#8243; global_colors_info=&#8221;{}&#8221;][et_pb_image src=&#8221;https:\/\/platformarozwojowa.pl\/dziecieca-zlosc\/wp-content\/uploads\/2021\/10\/Dziecie\u0328ca-zlos\u0301c\u0301-kurs-webinarowy-1.png&#8221; title_text=&#8221;Dziecie\u0328ca z\u0142os\u0301c\u0301 &#8211; kurs webinarowy (1)&#8221; align=&#8221;center&#8221; _builder_version=&#8221;4.16&#8243; width=&#8221;62%&#8221; global_colors_info=&#8221;{}&#8221;][\/et_pb_image][et_pb_button button_url=&#8221;#okursie&#8221; button_text=&#8221;Wi\u0119cej informacji o kursie&#8221; _builder_version=&#8221;4.16&#8243; global_colors_info=&#8221;{}&#8221;][\/et_pb_button][et_pb_button button_url=&#8221;https:\/\/platformarozwojowa.pl\/zamowienie\/?add-to-cart=202359&#8243; button_text=&#8221;\ud83d\uded2 Znam ofert\u0119, przechodz\u0119 do zapis\u00f3w \ud83d\uded2&#8221; _builder_version=&#8221;4.21.0&#8243; global_colors_info=&#8221;{}&#8221;][\/et_pb_button][et_pb_text admin_label=&#8221;okursie&#8221; module_id=&#8221;okursie&#8221; _builder_version=&#8221;4.16&#8243; text_font_size=&#8221;18px&#8221; text_line_height=&#8221;1.8em&#8221; global_colors_info=&#8221;{}&#8221;]<\/p>\n<h1 style=\"text-align: center;\">O kursie<\/h1>\n<p><span style=\"font-weight: 400;\">Towarzyszenie dziecku, kt\u00f3re si\u0119 z\u0142o\u015bci to jedno z najwi\u0119kszych wyzwa\u0144 rodzic\u00f3w. Boimy si\u0119 z\u0142o\u015bci, nie akceptujemy jej, nauczono nas, \u017ce jest czym\u015b niepo\u017c\u0105danym. Z\u0142o\u015bci\u0105 \u0142atwo si\u0119 te\u017c zarazi\u0107, a wtedy przestajemy by\u0107 wspieraj\u0105cy i sami potrzebujemy si\u0119 sob\u0105 zaopiekowa\u0107.\u00a0<\/span><\/p>\n<p><span style=\"font-weight: 400;\">\u017beby wspiera\u0107 dziecko, do\u015bwiadczaj\u0105ce z\u0142o\u015bci, warto pozna\u0107 jej dynamik\u0119, sens i funkcj\u0119. To najlepszy punkt wyj\u015bcia do tego, by m\u00f3c szuka\u0107 wspieraj\u0105cych strategii, kt\u00f3re wyreguluj\u0105 poziom napi\u0119cia i przynios\u0105 wi\u0119cej spokoju i r\u00f3wnowagi w rodzinie.<\/span><\/p>\n<p><strong>Webinarowy kurs online adresujemy do rodzic\u00f3w, kt\u00f3rzy chc\u0105:<\/strong><\/p>\n<ul>\n<li style=\"font-weight: 400;\" aria-level=\"1\"><span style=\"font-weight: 400;\">zrozumie\u0107, co stoi za z\u0142o\u015bci\u0105 dziecka,<\/span><\/li>\n<li style=\"font-weight: 400;\" aria-level=\"1\"><span style=\"font-weight: 400;\">dowiedzie\u0107 si\u0119, jak pom\u00f3c dziecku regulowa\u0107 poziom napi\u0119cia,<\/span><\/li>\n<li style=\"font-weight: 400;\" aria-level=\"1\"><span style=\"font-weight: 400;\">sprawi\u0107, \u017ceby wybuchy z\u0142o\u015bci dziecka by\u0142y rzadsze,<\/span><\/li>\n<li style=\"font-weight: 400;\" aria-level=\"1\"><span style=\"font-weight: 400;\">wiedzie\u0107, co robi\u0107, gdy dziecko si\u0119 z\u0142o\u015bci,<\/span><\/li>\n<li style=\"font-weight: 400;\" aria-level=\"1\"><span style=\"font-weight: 400;\">nauczy\u0107 si\u0119 pomaga\u0107 dziecku w powrocie do r\u00f3wnowagi,<\/span><\/li>\n<li style=\"font-weight: 400;\" aria-level=\"1\"><span style=\"font-weight: 400;\">pozna\u0107 narz\u0119dzia s\u0142u\u017c\u0105ce do opiekowania si\u0119 sob\u0105, by by\u0107 w stanie wspiera\u0107 dziecko,<\/span><\/li>\n<li style=\"font-weight: 400;\" aria-level=\"1\"><span style=\"font-weight: 400;\">wi\u0119cej spokoju i harmonii w rodzinie.<\/span><\/li>\n<\/ul>\n<p><span><\/span><\/p>\n<p><span style=\"font-weight: 400;\">Webinarowy kurs online to:<\/span><\/p>\n<p><span style=\"font-weight: 400;\">\u00a0<br \/><\/span><span style=\"font-weight: 400;\"><span>\u2705 <\/span>w sk\u0142ad kursu wchodz\u0105 <strong>3 webinaria.<\/strong>\u00a0Czas trwania webinari\u00f3w: 90 minut<\/span><\/p>\n<p>Nagrania webinar\u00f3w.<span style=\"font-weight: 400;\"><\/span><\/p>\n<p><span style=\"font-weight: 400;\"><span>\u2705 <\/span>W ramach kursu udost\u0119pniamy te\u017c <strong>materia\u0142y do pracy w\u0142asnej<\/strong> w domu.<br \/><\/span><span style=\"font-size: 18px;\"><span>\u2705 <\/span>Uczestnicy otrzymaj\u0105 dost\u0119p do nagra\u0144 webinari\u00f3w na <strong>24 miesi\u0105ce<\/strong>. Taka formu\u0142a umo\u017cliwia prac\u0119 we w\u0142asnym tempie (nie przewidujemy grupy FB)<\/span><\/p>\n<p><span><\/span><\/p>\n<p>[\/et_pb_text][\/et_pb_column][\/et_pb_row][\/et_pb_section][et_pb_section fb_built=&#8221;1&#8243; _builder_version=&#8221;4.16&#8243; min_height=&#8221;89px&#8221; custom_margin=&#8221;||-73px|||&#8221; global_colors_info=&#8221;{}&#8221;][et_pb_row _builder_version=&#8221;4.16&#8243; global_colors_info=&#8221;{}&#8221;][et_pb_column type=&#8221;4_4&#8243; _builder_version=&#8221;4.16&#8243; global_colors_info=&#8221;{}&#8221;][et_pb_text _builder_version=&#8221;4.16&#8243; global_colors_info=&#8221;{}&#8221;]<\/p>\n<h1 style=\"text-align: center;\">Prowadz\u0105ce<\/h1>\n<p>[\/et_pb_text][\/et_pb_column][\/et_pb_row][\/et_pb_section][et_pb_section fb_built=&#8221;1&#8243; specialty=&#8221;on&#8221; _builder_version=&#8221;4.16&#8243; global_colors_info=&#8221;{}&#8221;][et_pb_column type=&#8221;1_2&#8243; _builder_version=&#8221;4.16&#8243; custom_padding=&#8221;|||&#8221; global_colors_info=&#8221;{}&#8221; custom_padding__hover=&#8221;|||&#8221;][et_pb_image src=&#8221;https:\/\/platformarozwojowa.pl\/dziecieca-zlosc\/wp-content\/uploads\/2020\/04\/Zrzut-ekranu-2018-06-02-o-20.51.54-1.png&#8221; title_text=&#8221;Zrzut-ekranu-2018-06-02-o-20.51.54-1&#8243; _builder_version=&#8221;4.16&#8243; global_colors_info=&#8221;{}&#8221;][\/et_pb_image][\/et_pb_column][et_pb_column type=&#8221;1_2&#8243; specialty_columns=&#8221;2&#8243; _builder_version=&#8221;4.16&#8243; custom_padding=&#8221;|||&#8221; global_colors_info=&#8221;{}&#8221; custom_padding__hover=&#8221;|||&#8221;][et_pb_row_inner _builder_version=&#8221;4.16&#8243; global_colors_info=&#8221;{}&#8221;][et_pb_column_inner saved_specialty_column_type=&#8221;1_2&#8243; _builder_version=&#8221;4.16&#8243; global_colors_info=&#8221;{}&#8221;][et_pb_text _builder_version=&#8221;4.16&#8243; text_font_size=&#8221;17px&#8221; text_line_height=&#8221;1.9em&#8221; text_orientation=&#8221;justified&#8221; global_colors_info=&#8221;{}&#8221;]<\/p>\n<h1><span><\/span>Gosia Sta\u0144czyk<\/h1>\n<p class=\"et_pb_member_position\">psycholog<\/p>\n<div>\n<p><span>Jestem psychologiem, mam\u0105 trojga dzieci. Wspieram rodzic\u00f3w <br \/>i nauczycieli w poszukiwaniu wiedzy, narz\u0119dzi i sposob\u00f3w na satysfakcjonuj\u0105cy, oparty na szacunku kontakt z dzie\u0107mi. Udzielam\u00a0konsultacji psychologicznych w Bliskim Miejscu w Warszawie, prowadz\u0119 warsztaty dla rodzic\u00f3w,\u00a0<\/span><a href=\"http:\/\/www.gosiastanczyk.pl\/webinaria\/\" target=\"_blank\" rel=\"noopener noreferrer\">webinaria<\/a><span>\u00a0i superwizyjne spotkania dla nauczycieli. Jestem autork\u0105 ksi\u0105\u017cki \u201eRodze\u0144stwo\u201d. Pisz\u0119 blog po\u015bwi\u0119cony sprawom rodzicielstwa i rozwoju:\u00a0<\/span><a href=\"http:\/\/www.gosiastanczyk.pl\/\" target=\"_blank\" rel=\"noopener noreferrer\">www.gosiastanczyk.pl<\/a><span>.\u00a0<\/span><\/p>\n<p><span>\u00a0<\/span><\/p>\n<p><span><strong>\u00a0<\/strong><\/span><\/p>\n<\/div>\n<p>[\/et_pb_text][\/et_pb_column_inner][\/et_pb_row_inner][\/et_pb_column][\/et_pb_section][et_pb_section fb_built=&#8221;1&#8243; specialty=&#8221;on&#8221; _builder_version=&#8221;4.16&#8243; global_colors_info=&#8221;{}&#8221;][et_pb_column type=&#8221;1_2&#8243; _builder_version=&#8221;4.16&#8243; custom_padding=&#8221;|||&#8221; global_colors_info=&#8221;{}&#8221; custom_padding__hover=&#8221;|||&#8221;][et_pb_image src=&#8221;https:\/\/platformarozwojowa.pl\/dziecieca-zlosc\/wp-content\/uploads\/2021\/10\/DSC06052-1-683&#215;1024-1-1.jpg&#8221; title_text=&#8221;DSC06052-1-683&#215;1024-1&#8243; _builder_version=&#8221;4.16&#8243; global_colors_info=&#8221;{}&#8221;][\/et_pb_image][\/et_pb_column][et_pb_column type=&#8221;1_2&#8243; specialty_columns=&#8221;2&#8243; _builder_version=&#8221;4.16&#8243; custom_padding=&#8221;|||&#8221; global_colors_info=&#8221;{}&#8221; custom_padding__hover=&#8221;|||&#8221;][et_pb_row_inner _builder_version=&#8221;4.16&#8243; global_colors_info=&#8221;{}&#8221;][et_pb_column_inner saved_specialty_column_type=&#8221;1_2&#8243; _builder_version=&#8221;4.16&#8243; global_colors_info=&#8221;{}&#8221;][et_pb_text _builder_version=&#8221;4.16&#8243; text_font_size=&#8221;17px&#8221; text_line_height=&#8221;1.9em&#8221; text_orientation=&#8221;justified&#8221; global_colors_info=&#8221;{}&#8221;]<\/p>\n<h1>Kasia Kalinowska<\/h1>\n<p class=\"et_pb_member_position\"><span>psycholog<\/span><\/p>\n<div>\n<p><span>Jestem psycholo\u017ck\u0105, autork\u0105 projektu Przystanek Relacja, certyfikowan\u0105 trenerk\u0105 FamilyLab Polska, nauczycielk\u0105 Montessori. Wspieram rodzic\u00f3w i nauczycieli w budowaniu czu\u0142ych relacji z sob\u0105, dzie\u0107mi i innymi doros\u0142ymi. Jestem absolwentk\u0105 licznych szkole\u0144 z zakresu Rodzicielstwa Blisko\u015bci i Porozumienia bez Przemocy.<\/span><\/p>\n<p>&nbsp;<\/p>\n<p>&nbsp;<\/p>\n<\/div>\n<p>[\/et_pb_text][\/et_pb_column_inner][\/et_pb_row_inner][\/et_pb_column][\/et_pb_section][et_pb_section fb_built=&#8221;1&#8243; disabled_on=&#8221;off|off|off&#8221; _builder_version=&#8221;4.16&#8243; _module_preset=&#8221;default&#8221; global_colors_info=&#8221;{}&#8221;][et_pb_row column_structure=&#8221;1_2,1_2&#8243; _builder_version=&#8221;4.16&#8243; _module_preset=&#8221;default&#8221; global_colors_info=&#8221;{}&#8221;][et_pb_column type=&#8221;1_2&#8243; _builder_version=&#8221;4.16&#8243; _module_preset=&#8221;default&#8221; global_colors_info=&#8221;{}&#8221;][et_pb_text disabled_on=&#8221;off|off|off&#8221; _builder_version=&#8221;4.16&#8243; _module_preset=&#8221;default&#8221; global_colors_info=&#8221;{}&#8221;]<\/p>\n<p><span style=\"font-size: large;\"><strong>Gosia o kursie:<\/strong><\/span><\/p>\n<p><span style=\"font-size: large;\"><em><span style=\"font-weight: 400;\">Zdecydowa\u0142y\u015bmy si\u0119 na form\u0119 kursu webinarowego, \u017ceby w trzech kompaktowych webinariach przekaza\u0107 to, co najwa\u017cniejsze o dzieci\u0119cej z\u0142o\u015bci. Mo\u017cliwo\u015b\u0107 udzia\u0142u w webinariach na \u017cywo cz\u0119sto motywuje wiele os\u00f3b, by na bie\u017c\u0105co zapozna\u0107 si\u0119 z materia\u0142em. Nagrania z kolei pozostaj\u0105 dost\u0119pne dla wszystkich os\u00f3b, kt\u00f3re lubi\u0105 wykorzystywa\u0107 do rozwoju czas spacer\u00f3w i wykonywania r\u00f3\u017cnych codziennych czynno\u015bci.<\/span><\/em><\/span><\/p>\n<p><span style=\"font-size: large;\">\u00a0<\/span><\/p>\n<p>[\/et_pb_text][\/et_pb_column][et_pb_column type=&#8221;1_2&#8243; _builder_version=&#8221;4.16&#8243; _module_preset=&#8221;default&#8221; global_colors_info=&#8221;{}&#8221;][et_pb_text _builder_version=&#8221;4.16&#8243; _module_preset=&#8221;default&#8221; global_colors_info=&#8221;{}&#8221;]<\/p>\n<p><span style=\"font-size: large;\"><strong>Kasia o kursie:<\/strong><\/span><\/p>\n<p><span style=\"font-size: large;\"><em>Bycie w kontakcie ze z\u0142o\u015bci\u0105, daje nam energi\u0119 potrzebn\u0105 do dbania o swoje potrzeby i do komunikowania granic. Gdy wspieramy dzieci w budowaniu relacji ze z\u0142o\u015bci\u0105 i korzystaniu z jej energii, wyposa\u017camy dzieci w umiej\u0119tno\u015bci, z kt\u00f3rych b\u0119d\u0105 korzysta\u0107 przez ca\u0142e \u017cycie. Ciesz\u0119 si\u0119, \u017ce razem z Gosi\u0105 b\u0119dziemy towarzyszy\u0107 Wam w odkrywaniu ile mocy i zasob\u00f3w daje Wam i Waszym dzieciom kontakt ze z\u0142o\u015bci\u0105.<\/em><\/span><\/p>\n<p>[\/et_pb_text][\/et_pb_column][\/et_pb_row][\/et_pb_section][et_pb_section fb_built=&#8221;1&#8243; _builder_version=&#8221;4.16&#8243; global_colors_info=&#8221;{}&#8221;][et_pb_row _builder_version=&#8221;4.16&#8243; background_size=&#8221;initial&#8221; background_position=&#8221;top_left&#8221; background_repeat=&#8221;repeat&#8221; global_colors_info=&#8221;{}&#8221;][et_pb_column type=&#8221;4_4&#8243; _builder_version=&#8221;4.16&#8243; custom_padding=&#8221;|||&#8221; global_colors_info=&#8221;{}&#8221; custom_padding__hover=&#8221;|||&#8221;][et_pb_text _builder_version=&#8221;4.16&#8243; background_size=&#8221;initial&#8221; background_position=&#8221;top_left&#8221; background_repeat=&#8221;repeat&#8221; text_orientation=&#8221;center&#8221; module_alignment=&#8221;center&#8221; global_colors_info=&#8221;{}&#8221;]<\/p>\n<h1>Program kursu<\/h1>\n<p>[\/et_pb_text][\/et_pb_column][\/et_pb_row][et_pb_row column_structure=&#8221;1_3,1_3,1_3&#8243; _builder_version=&#8221;4.16&#8243; background_size=&#8221;initial&#8221; background_position=&#8221;top_left&#8221; background_repeat=&#8221;repeat&#8221; global_colors_info=&#8221;{}&#8221;][et_pb_column type=&#8221;1_3&#8243; _builder_version=&#8221;4.16&#8243; custom_padding=&#8221;|||&#8221; global_colors_info=&#8221;{}&#8221; custom_padding__hover=&#8221;|||&#8221;][et_pb_testimonial portrait_url=&#8221;https:\/\/platformarozwojowa.pl\/dziecieca-zlosc\/wp-content\/uploads\/2021\/10\/1.png&#8221; quote_icon=&#8221;off&#8221; _builder_version=&#8221;4.16&#8243; background_color=&#8221;#f7f7f7&#8243; background_size=&#8221;initial&#8221; background_position=&#8221;top_left&#8221; background_repeat=&#8221;repeat&#8221; border_radii_portrait=&#8221;on|150px|150px|150px|150px&#8221; global_colors_info=&#8221;{}&#8221;]<\/p>\n<p><b>WEBINAR 1<br \/><\/b><\/p>\n<p><b>Po co dzieciom z\u0142o\u015b\u0107? Praca ze z\u0142o\u015bci\u0105 \u201ena zimno\u201d<\/b><b><\/b><\/p>\n<p>&nbsp;<\/p>\n<p><span style=\"font-weight: 400;\">Z\u0142o\u015b\u0107 pe\u0142ni w \u017cyciu naszych dzieci bardzo wa\u017cn\u0105 funkcj\u0119. Maj\u0105c \u015bwiadomo\u015b\u0107, jaki sens kryje si\u0119 pod dzieci\u0119c\u0105 z\u0142o\u015bci\u0105, \u0142atwiej nam towarzyszy\u0107 dzieciom w jej do\u015bwiadczaniu i uczy\u0107 je sobie z ni\u0105 radzi\u0107. Najwi\u0119kszy wp\u0142yw w regulacji dzieci\u0119cej z\u0142o\u015bci mamy podejmuj\u0105c dzia\u0142ania <\/span><b>na zimno<\/b><span style=\"font-weight: 400;\">. Om\u00f3wimy strategie, po kt\u00f3re warto si\u0119gn\u0105\u0107 zanim dojdzie do eskalacji emocji.\u00a0<\/span><\/p>\n<p><span style=\"font-weight: 400;\">Podczas webinarium b\u0119dziemy przygl\u0105da\u0107 si\u0119 temu:<\/span><\/p>\n<ul>\n<li style=\"font-weight: 400;\" aria-level=\"1\"><span style=\"font-weight: 400;\">Jakie s\u0105 funkcje z\u0142o\u015bci?<\/span><\/li>\n<li style=\"font-weight: 400;\" aria-level=\"1\"><span style=\"font-weight: 400;\">Jak czyta\u0107 informacje, kt\u00f3re niesie ze sob\u0105 z\u0142o\u015b\u0107?<\/span><\/li>\n<li style=\"font-weight: 400;\" aria-level=\"1\"><span style=\"font-weight: 400;\">Co wp\u0142ywa na jej dynamik\u0119? Po czym pozna\u0107, \u017ce zbli\u017ca si\u0119 wybuch?<\/span><\/li>\n<li style=\"font-weight: 400;\" aria-level=\"1\"><span style=\"font-weight: 400;\">Jakie konkretne dzia\u0142ania mo\u017cemy podj\u0105\u0107, by pom\u00f3c dzieciom regulowa\u0107 napi\u0119cie w codzienno\u015bci?<\/span><\/li>\n<\/ul>\n<ul><\/ul>\n<ul><\/ul>\n<p>[\/et_pb_testimonial][\/et_pb_column][et_pb_column type=&#8221;1_3&#8243; _builder_version=&#8221;4.16&#8243; custom_padding=&#8221;|||&#8221; global_colors_info=&#8221;{}&#8221; custom_padding__hover=&#8221;|||&#8221;][et_pb_testimonial portrait_url=&#8221;https:\/\/platformarozwojowa.pl\/dziecieca-zlosc\/wp-content\/uploads\/2021\/10\/2.png&#8221; quote_icon=&#8221;off&#8221; _builder_version=&#8221;4.16&#8243; background_color=&#8221;#f7f7f7&#8243; background_size=&#8221;initial&#8221; background_position=&#8221;top_left&#8221; background_repeat=&#8221;repeat&#8221; border_radii_portrait=&#8221;on|150px|150px|150px|150px&#8221; global_colors_info=&#8221;{}&#8221;]<\/p>\n<p><b>WEBINAR 2<\/b><\/p>\n<p><b>Jak wspiera\u0107 dzieci podczas wybuchu z\u0142o\u015bci? Praca ze z\u0142o\u015bci\u0105 \u201ena gor\u0105co\u201d<\/b><\/p>\n<p><b><\/b><\/p>\n<p>&nbsp;<\/p>\n<p><span style=\"font-weight: 400;\">Najwi\u0119cej pyta\u0144 rodzic\u00f3w, dotyczy radzenia sobie z dzieci\u0119c\u0105 z\u0142o\u015bci\u0105 \u201ena gor\u0105co\u201d. To sytuacja, w kt\u00f3rej cz\u0119sto czujemy si\u0119 bezradni. Chcemy podzieli\u0107 si\u0119 z Wami nasz\u0105 wiedz\u0105 i do\u015bwiadczeniem, odno\u015bnie tego, o co warto zadba\u0107, gdy dochodzi do wybuchu z\u0142o\u015bci.<\/span><\/p>\n<p>&nbsp;<\/p>\n<p><span style=\"font-weight: 400;\">Podczas webinarium b\u0119dziemy przygl\u0105da\u0107 si\u0119 temu:<\/span><\/p>\n<ul>\n<li style=\"font-weight: 400;\" aria-level=\"1\"><span style=\"font-weight: 400;\">Czego potrzebuj\u0105 od nas dzieci, kt\u00f3re si\u0119 z\u0142oszcz\u0105?<\/span><\/li>\n<li style=\"font-weight: 400;\" aria-level=\"1\"><span style=\"font-weight: 400;\">Dlaczego to \u201etak d\u0142ugo trwa\u201d?<\/span><\/li>\n<li style=\"font-weight: 400;\" aria-level=\"1\"><span style=\"font-weight: 400;\">Czym si\u0119 zaj\u0105\u0107, kiedy dziecko tupie, krzyczy, p\u0142acze lub nie chce przyj\u0105\u0107 naszego wsparcia?<\/span><\/li>\n<li style=\"font-weight: 400;\" aria-level=\"1\"><span style=\"font-weight: 400;\">Dlaczego \u201ewychowywanie\u201d w z\u0142o\u015bci nie dzia\u0142a?<\/span><\/li>\n<\/ul>\n<ul><\/ul>\n<ul><\/ul>\n<p>[\/et_pb_testimonial][\/et_pb_column][et_pb_column type=&#8221;1_3&#8243; _builder_version=&#8221;4.16&#8243; custom_padding=&#8221;|||&#8221; global_colors_info=&#8221;{}&#8221; custom_padding__hover=&#8221;|||&#8221;][et_pb_testimonial portrait_url=&#8221;https:\/\/platformarozwojowa.pl\/dziecieca-zlosc\/wp-content\/uploads\/2021\/10\/3.png&#8221; quote_icon=&#8221;off&#8221; _builder_version=&#8221;4.16&#8243; background_color=&#8221;#f7f7f7&#8243; background_size=&#8221;initial&#8221; background_position=&#8221;top_left&#8221; background_repeat=&#8221;repeat&#8221; custom_padding=&#8221;|||30px||&#8221; global_colors_info=&#8221;{}&#8221;]<\/p>\n<p><b>WEBINAR 3<\/b><\/p>\n<p><b>Jak zadba\u0107 o siebie, by by\u0107 w stanie wspiera\u0107 dziecko w z\u0142o\u015bci?<\/b><\/p>\n<p><b><\/b><\/p>\n<p>&nbsp;<\/p>\n<p><span style=\"font-weight: 400;\">Z\u0142o\u015b\u0107 jest emocj\u0105, kt\u00f3r\u0105 bardzo \u0142atwo si\u0119 zarazi\u0107. Na szcz\u0119\u015bcie dzia\u0142a to w obie strony. Je\u015bli uda nam si\u0119 zachowa\u0107 spok\u00f3j, dzieci zazwyczaj dostrajaj\u0105 si\u0119 do naszego stanu. Aby by\u0107 w stanie pozosta\u0107 w r\u00f3wnowadze i empatycznie towarzyszy\u0107 dzieciom, kt\u00f3re si\u0119 z\u0142oszcz\u0105, potrzebujemy regularnie dba\u0107 o sw\u00f3j dobrostan.\u00a0<\/span><\/p>\n<p>&nbsp;<\/p>\n<p><span style=\"font-weight: 400;\">Podczas webinarium b\u0119dziemy przygl\u0105da\u0107 si\u0119 temu:<\/span><\/p>\n<ul>\n<li style=\"font-weight: 400;\" aria-level=\"1\"><span style=\"font-weight: 400;\">Co \u0142aduje Wasze baterie?<\/span><\/li>\n<li style=\"font-weight: 400;\" aria-level=\"1\"><span style=\"font-weight: 400;\">Jakie przekonania o sobie, o relacji i o dzieciach pomagaj\u0105 opiekowa\u0107 si\u0119 dzieci\u0119c\u0105 z\u0142o\u015bci\u0105, a kt\u00f3re z nich nas obci\u0105\u017caj\u0105?<\/span><\/li>\n<li style=\"font-weight: 400;\" aria-level=\"1\"><span style=\"font-weight: 400;\">Strategie na sytuacje awaryjne &#8211; jak sobie pom\u00f3c, gdy robi si\u0119 gor\u0105co?<\/span><\/li>\n<\/ul>\n<p><span style=\"font-weight: 400;\"><\/span><\/p>\n<ul><\/ul>\n<p>[\/et_pb_testimonial][\/et_pb_column][\/et_pb_row][et_pb_row _builder_version=&#8221;4.16&#8243; global_colors_info=&#8221;{}&#8221;][et_pb_column type=&#8221;4_4&#8243; _builder_version=&#8221;4.16&#8243; global_colors_info=&#8221;{}&#8221;][et_pb_blurb title=&#8221;Organizacja kursu&#8221; image=&#8221;https:\/\/platformarozwojowa.pl\/dziecieca-zlosc\/wp-content\/uploads\/2020\/04\/emma-matthews-digital-content-production-8K62atzbulQ-unsplash.jpg&#8221; _builder_version=&#8221;4.16&#8243; global_colors_info=&#8221;{}&#8221;]<\/p>\n<ul>\n<li><strong>Harmonogram<\/strong>:\n<ul>\n<li>Kurs sk\u0142ada si\u0119 z 3 webinar\u00f3w<\/li>\n<li>Dost\u0119pne nagranie<\/li>\n<li>Uczestnicy otrzymaj\u0105 dost\u0119p do plik\u00f3w PDF do pracy samodzielnej.<\/li>\n<li>Dost\u0119p do nagra\u0144 i materia\u0142\u00f3w b\u0119dzie przez 24 miesi\u0105ce.<\/li>\n<\/ul>\n<\/li>\n<li>MP3. Nagrania webinar\u00f3w b\u0119d\u0105 dost\u0119pne tak\u017ce w wersji audio \u2013 do s\u0142uchania.<\/li>\n<\/ul>\n<p>[\/et_pb_blurb][et_pb_pricing_tables _builder_version=&#8221;4.21.0&#8243; _module_preset=&#8221;default&#8221; hover_enabled=&#8221;0&#8243; global_colors_info=&#8221;{}&#8221; sticky_enabled=&#8221;0&#8243;][et_pb_pricing_table featured=&#8221;on&#8221; title=&#8221;Zapisy&#8221; subtitle=&#8221;na kurs \u201eDzieci\u0119ca z\u0142o\u015b\u0107%22&#8243; currency=&#8221;z\u0142&#8221; sum=&#8221;199&#8243; button_url=&#8221;https:\/\/platformarozwojowa.pl\/zamowienie\/?add-to-cart=202359&#8243; button_text=&#8221;Zapisuj\u0119 si\u0119&#8221; _builder_version=&#8221;4.21.0&#8243; _module_preset=&#8221;default&#8221; hover_enabled=&#8221;0&#8243; global_colors_info=&#8221;{}&#8221; sticky_transition=&#8221;on&#8221; sticky_enabled=&#8221;0&#8243;]<\/p>\n<p>&nbsp;<\/p>\n<p>mo\u017cliwo\u015b\u0107 wzi\u0119cia udzia\u0142u na \u017cywo i obejrzenia nagrania<\/p>\n<p>materia\u0142y do pracy w\u0142asnej<\/p>\n<p>wersje mp3 nagra\u0144<\/p>\n<p>[\/et_pb_pricing_table][\/et_pb_pricing_tables][\/et_pb_column][\/et_pb_row][et_pb_row _builder_version=&#8221;4.16&#8243; background_size=&#8221;initial&#8221; background_position=&#8221;top_left&#8221; background_repeat=&#8221;repeat&#8221; global_colors_info=&#8221;{}&#8221;][et_pb_column type=&#8221;4_4&#8243; _builder_version=&#8221;4.16&#8243; custom_padding=&#8221;|||&#8221; global_colors_info=&#8221;{}&#8221; custom_padding__hover=&#8221;|||&#8221;][et_pb_text _builder_version=&#8221;4.16&#8243; background_size=&#8221;initial&#8221; background_position=&#8221;top_left&#8221; background_repeat=&#8221;repeat&#8221; text_orientation=&#8221;center&#8221; module_alignment=&#8221;center&#8221; global_colors_info=&#8221;{}&#8221;]<\/p>\n<h1>Cz\u0119sto zadawane pytania<\/h1>\n<p>[\/et_pb_text][et_pb_toggle title=&#8221;Jak d\u0142ugo b\u0119d\u0119 mie\u0107 dost\u0119p do materia\u0142\u00f3w?&#8221; _builder_version=&#8221;4.16&#8243; background_size=&#8221;initial&#8221; background_position=&#8221;top_left&#8221; background_repeat=&#8221;repeat&#8221; global_colors_info=&#8221;{}&#8221;]<\/p>\n<p>Dost\u0119p do materia\u0142\u00f3w wideo, mp3 i pdf b\u0119dzie 24 miesi\u0105ce po zako\u0144czeniu kursu.\u00a0<\/p>\n<p>[\/et_pb_toggle][et_pb_toggle title=&#8221;Jakie s\u0105 wymaganie techniczne?&#8221; _builder_version=&#8221;4.16&#8243; background_size=&#8221;initial&#8221; background_position=&#8221;top_left&#8221; background_repeat=&#8221;repeat&#8221; global_colors_info=&#8221;{}&#8221;]<\/p>\n<p><span>Kurs nie wymaga specjalistycznego oprogramowania. Wystarczy komputer, tablet lub smartfon z dost\u0119pem do internetu.<\/span><\/p>\n<p>[\/et_pb_toggle][et_pb_toggle title=&#8221;Czy mog\u0119 otrzyma\u0107 faktur\u0119?&#8221; _builder_version=&#8221;4.16&#8243; background_size=&#8221;initial&#8221; background_position=&#8221;top_left&#8221; background_repeat=&#8221;repeat&#8221; global_colors_info=&#8221;{}&#8221;]<\/p>\n<p><span>Do ka\u017cdego zakupu kursu jest wystawiany dokument sprzeda\u017cy. Wystarczy poda\u0107 dane firmy i NIP przy sk\u0142adaniu zam\u00f3wienia \u2013 dokument zostanie wys\u0142any automatycznie po dokonaniu p\u0142atno\u015bci. Stawka VAT: 23%.\u00a0<\/span><\/p>\n<p>[\/et_pb_toggle][et_pb_toggle title=&#8221;Mam wi\u0119cej pyta\u0144&#8230;&#8221; _builder_version=&#8221;4.16&#8243; background_size=&#8221;initial&#8221; background_position=&#8221;top_left&#8221; background_repeat=&#8221;repeat&#8221; global_colors_info=&#8221;{}&#8221;]<\/p>\n<p><span>Napisz na adres kontakt@gosiastanczyk.pl<\/span><\/p>\n<p>[\/et_pb_toggle][\/et_pb_column][\/et_pb_row][\/et_pb_section][et_pb_section fb_built=&#8221;1&#8243; _builder_version=&#8221;4.16&#8243; custom_margin=&#8221;32px|||||&#8221; global_colors_info=&#8221;{}&#8221;][\/et_pb_section]<\/p>\n","protected":false},"excerpt":{"rendered":"<p>O kursie Towarzyszenie dziecku, kt\u00f3re si\u0119 z\u0142o\u015bci to jedno z najwi\u0119kszych wyzwa\u0144 rodzic\u00f3w. Boimy si\u0119 z\u0142o\u015bci, nie akceptujemy jej, nauczono nas, \u017ce jest czym\u015b niepo\u017c\u0105danym. Z\u0142o\u015bci\u0105 \u0142atwo si\u0119 te\u017c zarazi\u0107, a wtedy przestajemy by\u0107 wspieraj\u0105cy i sami potrzebujemy si\u0119 sob\u0105 zaopiekowa\u0107.\u00a0 \u017beby wspiera\u0107 dziecko, do\u015bwiadczaj\u0105ce z\u0142o\u015bci, warto pozna\u0107 jej dynamik\u0119, sens i funkcj\u0119. To najlepszy [&hellip;]<\/p>\n","protected":false},"author":1,"featured_media":0,"parent":0,"menu_order":0,"comment_status":"closed","ping_status":"closed","template":"page-template-blank.php","meta":{"_et_pb_use_builder":"on","_et_pb_old_content":"","_et_gb_content_width":"","_mi_skip_tracking":false,"_monsterinsights_sitenote_active":false,"_monsterinsights_sitenote_note":"","_monsterinsights_sitenote_category":0},"_links":{"self":[{"href":"https:\/\/platformarozwojowa.pl\/dziecieca-zlosc\/wp-json\/wp\/v2\/pages\/322"}],"collection":[{"href":"https:\/\/platformarozwojowa.pl\/dziecieca-zlosc\/wp-json\/wp\/v2\/pages"}],"about":[{"href":"https:\/\/platformarozwojowa.pl\/dziecieca-zlosc\/wp-json\/wp\/v2\/types\/page"}],"author":[{"embeddable":true,"href":"https:\/\/platformarozwojowa.pl\/dziecieca-zlosc\/wp-json\/wp\/v2\/users\/1"}],"replies":[{"embeddable":true,"href":"https:\/\/platformarozwojowa.pl\/dziecieca-zlosc\/wp-json\/wp\/v2\/comments?post=322"}],"version-history":[{"count":123,"href":"https:\/\/platformarozwojowa.pl\/dziecieca-zlosc\/wp-json\/wp\/v2\/pages\/322\/revisions"}],"predecessor-version":[{"id":720,"href":"https:\/\/platformarozwojowa.pl\/dziecieca-zlosc\/wp-json\/wp\/v2\/pages\/322\/revisions\/720"}],"wp:attachment":[{"href":"https:\/\/platformarozwojowa.pl\/dziecieca-zlosc\/wp-json\/wp\/v2\/media?parent=322"}],"curies":[{"name":"wp","href":"https:\/\/api.w.org\/{rel}","templated":true}]}}