{"id":322,"date":"2020-04-28T11:27:48","date_gmt":"2020-04-28T11:27:48","guid":{"rendered":"https:\/\/platformarozwojowa.pl\/dwojeiwiecej\/?page_id=322"},"modified":"2025-02-09T18:00:49","modified_gmt":"2025-02-09T18:00:49","slug":"kurs","status":"publish","type":"page","link":"https:\/\/platformarozwojowa.pl\/dwojeiwiecej\/","title":{"rendered":"Kurs"},"content":{"rendered":"<p>[et_pb_section fb_built=&#8221;1&#8243; _builder_version=&#8221;4.4.1&#8243;][et_pb_row _builder_version=&#8221;4.4.1&#8243;][et_pb_column type=&#8221;4_4&#8243; _builder_version=&#8221;4.4.1&#8243;][et_pb_image src=&#8221;https:\/\/platformarozwojowa.pl\/dwojeiwiecej\/wp-content\/uploads\/2020\/04\/Dwoje-i-wiecej-czolowki-11.png&#8221; _builder_version=&#8221;4.4.1&#8243;][\/et_pb_image][et_pb_text admin_label=&#8221;okursie&#8221; module_id=&#8221;okursie&#8221; _builder_version=&#8221;4.4.1&#8243; text_font_size=&#8221;18px&#8221; text_line_height=&#8221;1.8em&#8221;]<\/p>\n<h1 style=\"text-align: center;\">O kursie<\/h1>\n<p><span>Wszystkich subskrybent\u00f3w dost\u0119pu do mojego archiwum webinar\u00f3w zapraszam do skorzystania z nagra\u0144 kursu online adresowanego do rodzic\u00f3w, kt\u00f3rzy chc\u0105 \u015bwiadomie wspiera\u0107 relacj\u0119 mi\u0119dzy swoimi dzie\u0107mi. Przygotowa\u0142am go z my\u015bl\u0105 o wszystkich tych, kt\u00f3rzy poszukuj\u0105 wsparcia, jako rodzice wi\u0119cej ni\u017c jednego dziecka<\/span><\/p>\n<p><span><\/span><\/p>\n<p><span><\/span><\/p>\n<p><span>Tematy, kt\u00f3re zosta\u0142y poruszone:<\/span><br \/><span>\u2705 Co wspiera relacj\u0119 a co oddala dzieci o siebie?<\/span><br \/><span>\u2705 Napi\u0119cia, k\u0142\u00f3tnie i b\u00f3jki &#8211; o czym \u015bwiadcz\u0105 i kiedy interweniowa\u0107?<\/span><br \/><span>\u2705 Jak reagowa\u0107 na konflikty? Co mo\u017ce by\u0107 pomocne?<\/span><br \/><span>\u2705 Czy mamy co\u015b do zrobienia, gdy dzieci \u015bcigaj\u0105 si\u0119, przezywaj\u0105 i obra\u017caj\u0105?<\/span><br \/><span>\u2705 Jak w tym wszystkim nie zwariowa\u0107, czyli o zadbaniu o w\u0142asne potrzeby.<\/span><\/p>\n<p><span><\/span><\/p>\n<p>[\/et_pb_text][et_pb_text _builder_version=&#8221;4.4.1&#8243; width=&#8221;100%&#8221;]<\/p>\n<blockquote>\n<p style=\"text-align: justify;\"><span style=\"font-size: large;\">To najwi\u0119kszy kurs online, jaki do tej pory stworzy\u0142am. Oddaj\u0119 w Wasze r\u0119ce 27 film\u00f3w. Sami decydujecie, czy filmy z danego modu\u0142u chcecie ogl\u0105da\u0107 dzie\u0144 po dniu, czy podczas jednego posiedzenia. Uwaga: w niekt\u00f3rych filmach odwo\u0142uj\u0119 si\u0119 do grupy na FB\/webinarium Q&amp;A &#8211; te elementy by\u0142y dost\u0119pne tylko podczas premierowych edycji kursu. Ta oferta dotyczy nagra\u0144 audio i wideo.<\/span><\/p>\n<p style=\"text-align: justify;\"><span style=\"font-size: large;\"><strong><\/strong><\/span><\/p>\n<p style=\"text-align: justify;\"><span style=\"font-size: large;\"><strong><\/strong><\/span><\/p>\n<p style=\"text-align: justify;\"><span style=\"font-size: large;\"><\/span><\/p>\n<p style=\"text-align: justify;\"><span style=\"font-size: large;\"><\/span><\/p>\n<p style=\"text-align: justify;\"><span style=\"font-size: large;\"><\/span><\/p>\n<p style=\"text-align: justify;\">\n<p style=\"text-align: justify;\"><span style=\"font-size: large;\"><em><\/em><\/span><\/p>\n<p style=\"text-align: justify;\"><span style=\"font-size: large;\"><em><\/em><\/span><\/p>\n<p style=\"text-align: justify;\"><span style=\"font-size: large;\"><em>Gosia Sta\u0144czyk<\/em><\/span><\/p>\n<\/blockquote>\n<p>[\/et_pb_text][\/et_pb_column][\/et_pb_row][\/et_pb_section][et_pb_section fb_built=&#8221;1&#8243; specialty=&#8221;on&#8221; _builder_version=&#8221;4.4.1&#8243;][et_pb_column type=&#8221;1_2&#8243; _builder_version=&#8221;3.25&#8243; custom_padding=&#8221;|||&#8221; custom_padding__hover=&#8221;|||&#8221;][et_pb_image src=&#8221;https:\/\/platformarozwojowa.pl\/dwojeiwiecej\/wp-content\/uploads\/2025\/02\/0T4A8344-Duzy-1.jpeg&#8221; title_text=&#8221;0T4A8344-Duzy (1)&#8221; _builder_version=&#8221;4.9.2&#8243;][\/et_pb_image][\/et_pb_column][et_pb_column type=&#8221;1_2&#8243; specialty_columns=&#8221;2&#8243; _builder_version=&#8221;3.25&#8243; custom_padding=&#8221;|||&#8221; custom_padding__hover=&#8221;|||&#8221;][et_pb_row_inner _builder_version=&#8221;4.4.1&#8243;][et_pb_column_inner saved_specialty_column_type=&#8221;1_2&#8243; _builder_version=&#8221;4.4.1&#8243;][et_pb_text _builder_version=&#8221;4.4.1&#8243; text_font_size=&#8221;17px&#8221; text_line_height=&#8221;1.9em&#8221; text_orientation=&#8221;justified&#8221;]<\/p>\n<h1><span><\/span>O mnie<\/h1>\n<p><span>Jestem psycholo\u017ck\u0105, mam\u0105 trojga dzieci. Wspieram rodzic\u00f3w<br \/>i nauczycieli w poszukiwaniu wiedzy, narz\u0119dzi i sposob\u00f3w na satysfakcjonuj\u0105cy, oparty na szacunku kontakt z dzie\u0107mi. Prowadz\u0119 warsztaty dla rodzic\u00f3w,\u00a0<\/span><a href=\"http:\/\/www.gosiastanczyk.pl\/webinaria\/\" target=\"_blank\" rel=\"noopener noreferrer\">webinaria<\/a><span>\u00a0i superwizyjne spotkania dla nauczycieli. Jestem autork\u0105 ksi\u0105\u017ckiek\u00a0<strong>\u201eRodze\u0144stwo. Jak wspiera\u0107 relacje swoich dzieci\u201d oraz \u201eMoje dziecko si\u0119 z\u0142o\u015bci\u201d.<\/strong>\u00a0Pisz\u0119 blog po\u015bwi\u0119cony sprawom rodzicielstwa i rozwoju:\u00a0<\/span><a href=\"http:\/\/www.gosiastanczyk.pl\/\" target=\"_blank\" rel=\"noopener noreferrer\">www.gosiastanczyk.pl<\/a><span>.\u00a0<\/span><\/p>\n<p>[\/et_pb_text][\/et_pb_column_inner][\/et_pb_row_inner][\/et_pb_column][\/et_pb_section][et_pb_section fb_built=&#8221;1&#8243; _builder_version=&#8221;3.22&#8243; min_height=&#8221;244px&#8221;][et_pb_row column_structure=&#8221;1_2,1_2&#8243; _builder_version=&#8221;4.4.1&#8243;][et_pb_column type=&#8221;1_2&#8243; _builder_version=&#8221;4.4.1&#8243;][et_pb_text _builder_version=&#8221;4.4.1&#8243;]<\/p>\n<h2>Najpierw by\u0142a ksi\u0105\u017cka&#8230;<\/h2>\n<p style=\"text-align: justify;\"><span style=\"font-size: large;\">W pa\u017adzierniku 2019 roku nak\u0142adem wydawnictwa\u00a0<strong>Mamania\u00a0<\/strong>ukaza\u0142a si\u0119 moja ksi\u0105\u017cka \u201eRodze\u0144stwo. Jak wspiera\u0107 relacje swoich dzieci&#8221;. Relacje rodze\u0144stwa to jeden z moich ulubionych temat\u00f3w.<\/span><\/p>\n<p style=\"text-align: justify;\"><span style=\"font-size: large;\">W kursie\u00a0<strong>Dwoje i wi\u0119cej<\/strong> nadaj\u0119 tre\u015bciom o rodze\u0144stwie now\u0105 struktur\u0119 i form\u0119 nagra\u0144 i opowie\u015bci. Pojawi\u0105 si\u0119 te\u017c tre\u015bci zupe\u0142nie nowe, jako \u017ce ca\u0142y czas pracuj\u0119 z rodzicami, ucz\u0119 si\u0119 i rozwijam.<\/span><\/p>\n<p>[\/et_pb_text][\/et_pb_column][et_pb_column type=&#8221;1_2&#8243; _builder_version=&#8221;4.4.1&#8243;][et_pb_image src=&#8221;https:\/\/platformarozwojowa.pl\/dwojeiwiecej\/wp-content\/uploads\/2020\/05\/rodzenstwo.jpg&#8221; _builder_version=&#8221;4.4.1&#8243;][\/et_pb_image][\/et_pb_column][\/et_pb_row][et_pb_row column_structure=&#8221;1_3,1_3,1_3&#8243; _builder_version=&#8221;3.25&#8243; background_size=&#8221;initial&#8221; background_position=&#8221;top_left&#8221; background_repeat=&#8221;repeat&#8221;][et_pb_column type=&#8221;1_3&#8243; _builder_version=&#8221;3.25&#8243; custom_padding=&#8221;|||&#8221; custom_padding__hover=&#8221;|||&#8221;][et_pb_blurb title=&#8221;Lekcje wideo&#8221; use_icon=&#8221;on&#8221; font_icon=&#8221;\ue00e&#8221; icon_color=&#8221;#2ea3f2&#8243; icon_placement=&#8221;left&#8221; _builder_version=&#8221;4.4.1&#8243; background_size=&#8221;initial&#8221; background_position=&#8221;top_left&#8221; background_repeat=&#8221;repeat&#8221; text_orientation=&#8221;center&#8221;]<\/p>\n<p>Kurs podzielony jest na 5 modu\u0142\u00f3w i zawiera 27 lekcji.<\/p>\n<p>[\/et_pb_blurb][\/et_pb_column][et_pb_column type=&#8221;1_3&#8243; _builder_version=&#8221;3.25&#8243; custom_padding=&#8221;|||&#8221; custom_padding__hover=&#8221;|||&#8221;][\/et_pb_column][et_pb_column type=&#8221;1_3&#8243; _builder_version=&#8221;3.25&#8243; custom_padding=&#8221;|||&#8221; custom_padding__hover=&#8221;|||&#8221;][et_pb_blurb title=&#8221;Nagranie webinarium&#8221; use_icon=&#8221;on&#8221; font_icon=&#8221;\ue00b&#8221; icon_color=&#8221;#2ea3f2&#8243; icon_placement=&#8221;left&#8221; _builder_version=&#8221;4.4.1&#8243; background_size=&#8221;initial&#8221; background_position=&#8221;top_left&#8221; background_repeat=&#8221;repeat&#8221; text_orientation=&#8221;center&#8221;]<\/p>\n<p>Do lekcji do\u0142\u0105czam nagranie webinarium Q&amp;A. Poprowadzi\u0142am je z Kasi\u0105 Kalinowsk\u0105. Odpowiada\u0142y\u015bmy na pytania uczestnik\u00f3w jednej z przesz\u0142ych edycji kursu.<\/p>\n<p>[\/et_pb_blurb][\/et_pb_column][\/et_pb_row][\/et_pb_section][et_pb_section fb_built=&#8221;1&#8243; _builder_version=&#8221;3.22&#8243;][et_pb_row _builder_version=&#8221;3.25&#8243; background_size=&#8221;initial&#8221; background_position=&#8221;top_left&#8221; background_repeat=&#8221;repeat&#8221;][et_pb_column type=&#8221;4_4&#8243; _builder_version=&#8221;3.25&#8243; custom_padding=&#8221;|||&#8221; custom_padding__hover=&#8221;|||&#8221;][et_pb_text _builder_version=&#8221;4.4.1&#8243; background_size=&#8221;initial&#8221; background_position=&#8221;top_left&#8221; background_repeat=&#8221;repeat&#8221; text_orientation=&#8221;center&#8221; module_alignment=&#8221;center&#8221;]<\/p>\n<h1>Program kursu<\/h1>\n<p>[\/et_pb_text][\/et_pb_column][\/et_pb_row][et_pb_row column_structure=&#8221;1_3,1_3,1_3&#8243; _builder_version=&#8221;3.25&#8243; background_size=&#8221;initial&#8221; background_position=&#8221;top_left&#8221; background_repeat=&#8221;repeat&#8221;][et_pb_column type=&#8221;1_3&#8243; _builder_version=&#8221;3.25&#8243; custom_padding=&#8221;|||&#8221; custom_padding__hover=&#8221;|||&#8221;][et_pb_testimonial portrait_url=&#8221;https:\/\/platformarozwojowa.pl\/dwojeiwiecej\/wp-content\/uploads\/2020\/04\/1.png&#8221; quote_icon=&#8221;off&#8221; _builder_version=&#8221;4.4.1&#8243; background_color=&#8221;#f7f7f7&#8243; background_size=&#8221;initial&#8221; background_position=&#8221;top_left&#8221; background_repeat=&#8221;repeat&#8221; border_radii_portrait=&#8221;on|150px|150px|150px|150px&#8221;]<\/p>\n<p><strong>Dwoje i wi\u0119cej \u2013 o byciu rodzicem rodze\u0144stwa<\/strong><\/p>\n<p>Powitanie<br \/> Lekcja 1. Dynamika relacji pomi\u0119dzy rodze\u0144stwem<br \/> Lekcja 2. Znajd\u017a sw\u00f3j obszar wp\u0142ywu<br \/> Lekcja 3. Co niesie zmian\u0119?<\/p>\n<p>[\/et_pb_testimonial][\/et_pb_column][et_pb_column type=&#8221;1_3&#8243; _builder_version=&#8221;3.25&#8243; custom_padding=&#8221;|||&#8221; custom_padding__hover=&#8221;|||&#8221;][et_pb_testimonial portrait_url=&#8221;https:\/\/platformarozwojowa.pl\/dwojeiwiecej\/wp-content\/uploads\/2020\/04\/2-1.png&#8221; quote_icon=&#8221;off&#8221; _builder_version=&#8221;4.4.1&#8243; background_color=&#8221;#f7f7f7&#8243; background_size=&#8221;initial&#8221; background_position=&#8221;top_left&#8221; background_repeat=&#8221;repeat&#8221; border_radii_portrait=&#8221;on|150px|150px|150px|150px&#8221;]<\/p>\n<p><strong>Konflikty rodze\u0144stwa<\/strong><\/p>\n<p>Lekcja 1. Sk\u0105d si\u0119 bior\u0105 konflikty &#8211; dlaczego dzieci si\u0119 k\u0142\u00f3c\u0105?<br \/> Lekcja 2. Walki, przepychanki, b\u00f3jki &#8211; o co tu chodzi?<br \/> Lekcja 3. Kiedy interweniowa\u0107?<br \/> Lekcja 4. Jak interweniowa\u0107?<br \/> Lekcja 5. Tr\u00f3jk\u0105t dramatyczny &#8211; taniec, kt\u00f3rego warto by\u0107 \u015bwiadomym<br \/> Lekcja 6. Neutralno\u015b\u0107<br \/> Lekcja 7. Co si\u0119 dzieje z dzieckiem, kt\u00f3re jest w silnych emocjach?<br \/> Lekcja 8. Mediacje &#8211; jak pom\u00f3c im si\u0119 us\u0142ysze\u0107?<\/p>\n<p>[\/et_pb_testimonial][\/et_pb_column][et_pb_column type=&#8221;1_3&#8243; _builder_version=&#8221;3.25&#8243; custom_padding=&#8221;|||&#8221; custom_padding__hover=&#8221;|||&#8221;][et_pb_testimonial portrait_url=&#8221;https:\/\/platformarozwojowa.pl\/dwojeiwiecej\/wp-content\/uploads\/2020\/04\/3-1.png&#8221; quote_icon=&#8221;off&#8221; _builder_version=&#8221;4.4.1&#8243; background_color=&#8221;#f7f7f7&#8243; background_size=&#8221;initial&#8221; background_position=&#8221;top_left&#8221; background_repeat=&#8221;repeat&#8221;]<\/p>\n<p><strong>Jak dzia\u0142a\u0107 na zimno? Co mo\u017cna zrobi\u0107, by wspiera\u0107 relacj\u0119 dzieci?<\/strong><\/p>\n<p>Lekcja 1. O piel\u0119gnowaniu relacji z ka\u017cdym z nich z osobna<br \/> Lekcja 2. O zdejmowaniu oczekiwa\u0144<br \/> Lekcja 3. Czego unika\u0107?<br \/> Lekcja 4. O mocy dobrych do\u015bwiadcze\u0144<br \/>Lekcja 5.\u00a0O redukowaniu napi\u0119cia emocjonalnego<\/p>\n<p>[\/et_pb_testimonial][\/et_pb_column][\/et_pb_row][et_pb_row column_structure=&#8221;1_3,1_3,1_3&#8243; _builder_version=&#8221;3.25&#8243; background_size=&#8221;initial&#8221; background_position=&#8221;top_left&#8221; background_repeat=&#8221;repeat&#8221;][et_pb_column type=&#8221;1_3&#8243; _builder_version=&#8221;3.25&#8243; custom_padding=&#8221;|||&#8221; custom_padding__hover=&#8221;|||&#8221;][et_pb_testimonial portrait_url=&#8221;https:\/\/platformarozwojowa.pl\/dwojeiwiecej\/wp-content\/uploads\/2020\/04\/4-1.png&#8221; quote_icon=&#8221;off&#8221; _builder_version=&#8221;4.4.1&#8243; background_color=&#8221;#f7f7f7&#8243; background_size=&#8221;initial&#8221; background_position=&#8221;top_left&#8221; background_repeat=&#8221;repeat&#8221; border_radii_portrait=&#8221;on|150px|150px|150px|150px&#8221;]<\/p>\n<p><strong>Czego potrzebujesz, by by\u0107 w gotowo\u015bci ich wspiera\u0107?<\/strong><\/p>\n<p>Lekcja 1. O \u0142adowaniu akumulator\u00f3w, proszeniu o pomoc i \u0142agodno\u015bci dla siebie<br \/> Lekcja 2. Przekonania, kt\u00f3re wspieraj\u0105<br \/>Lekcja 3. Co wtedy, gdy zareagujemy nie tak, jak by\u015bmy chcieli?<\/p>\n<p>[\/et_pb_testimonial][\/et_pb_column][et_pb_column type=&#8221;1_3&#8243; _builder_version=&#8221;3.25&#8243; custom_padding=&#8221;|||&#8221; custom_padding__hover=&#8221;|||&#8221;][et_pb_testimonial portrait_url=&#8221;https:\/\/platformarozwojowa.pl\/dwojeiwiecej\/wp-content\/uploads\/2020\/04\/5-1.png&#8221; quote_icon=&#8221;off&#8221; _builder_version=&#8221;4.4.1&#8243; background_color=&#8221;#f7f7f7&#8243; background_size=&#8221;initial&#8221; background_position=&#8221;top_left&#8221; background_repeat=&#8221;repeat&#8221; border_radii_portrait=&#8221;on|150px|150px|150px|150px&#8221;]<\/p>\n<p><strong>Codzienne wyzwania \u2013 sekcja kr\u00f3tkich pyta\u0144 i odpowiedzi<\/strong><\/p>\n<p>Lekcja 1 Gdy dziecko nie chce si\u0119 dzieli\u0107<br \/>Lekcja 2 Jak reagowa\u0107, gdy oczekuj\u0105, \u017ce rozstrzygniemy sp\u00f3r<br \/>Lekcja 3 Kogo opiekowa\u0107 najpierw?<br \/>Lekcja 4 Jak odpowiedzie\u0107 na: \u201eOn zawsze ma lepiej, wy zawsze jeste\u015bcie po jego stronie\u201d<br \/>Lekcja 5 Gdy ka\u017cda gra rodzinna ko\u0144czy si\u0119 awantur\u0105<br \/>Lekcja 6 Co robi\u0107, gdy jedno stale pod\u0105\u017ca, a drugie dominuje?<br \/>Lekcja 7 Gdy padaj\u0105 przykre s\u0142owa<\/p>\n<p>[\/et_pb_testimonial][\/et_pb_column][et_pb_column type=&#8221;1_3&#8243; _builder_version=&#8221;3.25&#8243; custom_padding=&#8221;|||&#8221; custom_padding__hover=&#8221;|||&#8221;][\/et_pb_column][\/et_pb_row][et_pb_row module_id=&#8221;zapisy&#8221; _builder_version=&#8221;4.4.1&#8243; background_size=&#8221;initial&#8221; background_position=&#8221;top_left&#8221; background_repeat=&#8221;repeat&#8221;][et_pb_column type=&#8221;4_4&#8243; _builder_version=&#8221;3.25&#8243; custom_padding=&#8221;|||&#8221; custom_padding__hover=&#8221;|||&#8221;][et_pb_blurb title=&#8221;Nagranie kursu dost\u0119pne wy\u0142\u0105cznie w ramach miesi\u0119cznej subskrypcji dost\u0119pu do biblioteki webinar\u00f3w archiwalnych&#8221; use_icon=&#8221;on&#8221; font_icon=&#8221;%%49%%&#8221; icon_color=&#8221;#2ea3f2&#8243; icon_placement=&#8221;left&#8221; use_icon_font_size=&#8221;on&#8221; icon_font_size=&#8221;32px&#8221; _builder_version=&#8221;4.9.2&#8243; header_font_size=&#8221;28px&#8221; background_size=&#8221;initial&#8221; background_position=&#8221;top_left&#8221; background_repeat=&#8221;repeat&#8221;][\/et_pb_blurb][et_pb_blurb title=&#8221;Zapisuj\u0105c si\u0119 w formie subskrypcji otrzymujesz dost\u0119p do nagra\u0144 kursu \u201eDwoje i wi\u0119cej%22 ORAZ dost\u0119p do 50+ webinar\u00f3w archiwalnych w trakcie aktywnej subskrypcji&#8221; use_icon=&#8221;on&#8221; font_icon=&#8221;%%49%%&#8221; icon_color=&#8221;#2ea3f2&#8243; icon_placement=&#8221;left&#8221; use_icon_font_size=&#8221;on&#8221; icon_font_size=&#8221;32px&#8221; _builder_version=&#8221;4.9.2&#8243; header_font_size=&#8221;28px&#8221; background_size=&#8221;initial&#8221; background_position=&#8221;top_left&#8221; background_repeat=&#8221;repeat&#8221;][\/et_pb_blurb][et_pb_blurb title=&#8221;Op\u0142ata 49 z\u0142 \/ miesi\u0105c dost\u0119pu&#8221; use_icon=&#8221;on&#8221; font_icon=&#8221;%%49%%&#8221; icon_color=&#8221;#2ea3f2&#8243; icon_placement=&#8221;left&#8221; use_icon_font_size=&#8221;on&#8221; icon_font_size=&#8221;32px&#8221; _builder_version=&#8221;4.9.2&#8243; header_font_size=&#8221;28px&#8221; background_size=&#8221;initial&#8221; background_position=&#8221;top_left&#8221; background_repeat=&#8221;repeat&#8221;][\/et_pb_blurb][et_pb_blurb title=&#8221;P\u0142atno\u015b\u0107 kart\u0105 (Visa, Mastercard)&#8221; use_icon=&#8221;on&#8221; font_icon=&#8221;%%49%%&#8221; icon_color=&#8221;#2ea3f2&#8243; icon_placement=&#8221;left&#8221; use_icon_font_size=&#8221;on&#8221; icon_font_size=&#8221;32px&#8221; _builder_version=&#8221;4.9.2&#8243; header_text_align=&#8221;left&#8221; header_font_size=&#8221;28px&#8221; background_size=&#8221;initial&#8221; background_position=&#8221;top_left&#8221; background_repeat=&#8221;repeat&#8221; text_orientation=&#8221;center&#8221; hover_enabled=&#8221;0&#8243; sticky_enabled=&#8221;0&#8243;][\/et_pb_blurb][et_pb_blurb title=&#8221;W ka\u017cdej chwili mo\u017cesz zrezygnowa\u0107 (b\u0119dziesz mie\u0107 wtedy dost\u0119p do ko\u0144ca op\u0142aconego okresu i kolejna op\u0142ata nie zostanie pobrana).&#8221; use_icon=&#8221;on&#8221; font_icon=&#8221;%%49%%&#8221; icon_color=&#8221;#2ea3f2&#8243; icon_placement=&#8221;left&#8221; use_icon_font_size=&#8221;on&#8221; icon_font_size=&#8221;32px&#8221; _builder_version=&#8221;4.9.2&#8243; header_text_align=&#8221;left&#8221; header_font_size=&#8221;28px&#8221; background_size=&#8221;initial&#8221; background_position=&#8221;top_left&#8221; background_repeat=&#8221;repeat&#8221; text_orientation=&#8221;center&#8221;][\/et_pb_blurb][\/et_pb_column][\/et_pb_row][et_pb_row _builder_version=&#8221;4.4.1&#8243;][et_pb_column type=&#8221;4_4&#8243; _builder_version=&#8221;4.4.1&#8243;][et_pb_button button_url=&#8221;https:\/\/easl.ink\/GkE1t&#8221; button_text=&#8221;Zapisuj\u0119 si\u0119 na subskrypcj\u0119&#8221; button_alignment=&#8221;center&#8221; _builder_version=&#8221;4.9.2&#8243; custom_button=&#8221;on&#8221; button_text_size=&#8221;27px&#8221; button_text_color=&#8221;#ffffff&#8221; button_bg_color=&#8221;#12876f&#8221; button_border_color=&#8221;rgba(0,0,0,0)&#8221; button_icon=&#8221;%%45%%&#8221; animation_style=&#8221;fade&#8221; hover_enabled=&#8221;0&#8243; sticky_enabled=&#8221;0&#8243;][\/et_pb_button][\/et_pb_column][\/et_pb_row][\/et_pb_section]<\/p>\n","protected":false},"excerpt":{"rendered":"<p>[et_pb_section fb_built=&#8221;1&#8243; _builder_version=&#8221;4.4.1&#8243;][et_pb_row _builder_version=&#8221;4.4.1&#8243;][et_pb_column type=&#8221;4_4&#8243; _builder_version=&#8221;4.4.1&#8243;][et_pb_image src=&#8221;https:\/\/platformarozwojowa.pl\/dwojeiwiecej\/wp-content\/uploads\/2020\/04\/Dwoje-i-wiecej-czolowki-11.png&#8221; _builder_version=&#8221;4.4.1&#8243;][\/et_pb_image][et_pb_text admin_label=&#8221;okursie&#8221; module_id=&#8221;okursie&#8221; _builder_version=&#8221;4.4.1&#8243; text_font_size=&#8221;18px&#8221; text_line_height=&#8221;1.8em&#8221;] O kursie Wszystkich subskrybent\u00f3w dost\u0119pu do mojego archiwum webinar\u00f3w zapraszam do skorzystania z nagra\u0144 kursu online adresowanego do rodzic\u00f3w, kt\u00f3rzy chc\u0105 \u015bwiadomie wspiera\u0107 relacj\u0119 mi\u0119dzy swoimi dzie\u0107mi. Przygotowa\u0142am go z my\u015bl\u0105 o wszystkich tych, kt\u00f3rzy poszukuj\u0105 wsparcia, jako rodzice wi\u0119cej ni\u017c jednego [&hellip;]<\/p>\n","protected":false},"author":1,"featured_media":0,"parent":0,"menu_order":0,"comment_status":"closed","ping_status":"closed","template":"page-template-blank.php","meta":{"_et_pb_use_builder":"on","_et_pb_old_content":"","_et_gb_content_width":"","_monsterinsights_skip_tracking":false,"_monsterinsights_sitenote_active":false,"_monsterinsights_sitenote_note":"","_monsterinsights_sitenote_category":0,"footnotes":""},"class_list":["post-322","page","type-page","status-publish","hentry"],"_links":{"self":[{"href":"https:\/\/platformarozwojowa.pl\/dwojeiwiecej\/wp-json\/wp\/v2\/pages\/322","targetHints":{"allow":["GET"]}}],"collection":[{"href":"https:\/\/platformarozwojowa.pl\/dwojeiwiecej\/wp-json\/wp\/v2\/pages"}],"about":[{"href":"https:\/\/platformarozwojowa.pl\/dwojeiwiecej\/wp-json\/wp\/v2\/types\/page"}],"author":[{"embeddable":true,"href":"https:\/\/platformarozwojowa.pl\/dwojeiwiecej\/wp-json\/wp\/v2\/users\/1"}],"replies":[{"embeddable":true,"href":"https:\/\/platformarozwojowa.pl\/dwojeiwiecej\/wp-json\/wp\/v2\/comments?post=322"}],"version-history":[{"count":112,"href":"https:\/\/platformarozwojowa.pl\/dwojeiwiecej\/wp-json\/wp\/v2\/pages\/322\/revisions"}],"predecessor-version":[{"id":602,"href":"https:\/\/platformarozwojowa.pl\/dwojeiwiecej\/wp-json\/wp\/v2\/pages\/322\/revisions\/602"}],"wp:attachment":[{"href":"https:\/\/platformarozwojowa.pl\/dwojeiwiecej\/wp-json\/wp\/v2\/media?parent=322"}],"curies":[{"name":"wp","href":"https:\/\/api.w.org\/{rel}","templated":true}]}}